{"id":3438,"date":"2016-07-19T11:14:25","date_gmt":"2016-07-19T09:14:25","guid":{"rendered":"http:\/\/marel.szczecin.pl\/Marel_WP\/?page_id=3438"},"modified":"2024-07-26T16:18:52","modified_gmt":"2024-07-26T14:18:52","slug":"strona-testowa1","status":"publish","type":"page","link":"https:\/\/marel-service.com\/pl\/","title":{"rendered":"Home"},"content":{"rendered":"<p>[vc_row rt_row_background_width=&#8221;fullwidth&#8221; rt_row_content_width=&#8221;fullwidth&#8221; rt_row_style=&#8221;default-style&#8221; rt_row_borders=&#8221;&#8221; rt_row_paddings=&#8221;false&#8221; rt_bg_effect=&#8221;classic&#8221; rt_bg_image_repeat=&#8221;repeat&#8221; rt_bg_size=&#8221;cover&#8221; rt_bg_position=&#8221;right top&#8221; rt_bg_attachment=&#8221;scroll&#8221; rt_bg_video_format=&#8221;self-hosted&#8221;][vc_column rt_bg_image_repeat=&#8221;repeat&#8221; rt_bg_size=&#8221;auto auto&#8221; rt_bg_attachment=&#8221;scroll&#8221;]<div id=\"content-slider-238789\" class=\"rt-carousel main-carousel carousel-holder clearfix\" data-item-width=\"1\" data-nav=\"true\" data-dots=\"true\" data-parallax=\"true\" data-timeout=\"12000\" data-autoplay=\"true\">\n<div class=\"owl-carousel\">\n\n\t\t<div class=\"item  light-style\" style=\"background-image: url(https:\/\/i0.wp.com\/marel-service.com\/pl\/wp-content\/uploads\/sites\/11\/2016\/07\/DSC_3663.jpg?fit=1150%2C768&ssl=1);background-repeat: no-repeat;background-size: cover;background-position: center center;min-height: 600px;\">\n\t\t\t<a href=\"#\" target=\"_self\" title=\"\"><\/a>\n\t\t\t<div class=\"slide-content-wrapper default clearfix\">\n\t\t\t\t<div class=\"slide-content animation  right\" style=\"width: 50%;background-color: rgba(0,76,76,0.48);margin-top: 180px;\">\t\t\t\t\t\n\t\t\t\t\t<h2>Firma Marel Electric Sp. z o.o. specjalizuje si\u0119 w serwisowaniu urz\u0105dze\u0144 automatyki przemys\u0142owej.<\/h2>\n\n\t\t\t\t<\/div>\n\t\t\t<\/div>\n\t\t<\/div>\n\t\t<div class=\"item  alt-style-2\" style=\"background-image: url(https:\/\/i0.wp.com\/marel-service.com\/pl\/wp-content\/uploads\/sites\/11\/2016\/07\/styczniki.png?fit=1170%2C500&ssl=1);background-repeat: no-repeat;background-size: cover;background-position: center top;min-height: 600px;\">\n\t\t\t\n\t\t\t<div class=\"slide-content-wrapper default clearfix\">\n\t\t\t\t<div class=\"slide-content animation  left\" style=\"width: 40%;background-color: rgba(255,255,255,0.01);margin-top: 100px;\">\t\t\t\t\t\n\t\t\t\t\t\n\t\t\t\t<\/div>\n\t\t\t<\/div>\n\t\t<\/div>\n\t\t<div class=\"item  alt-style-2\" style=\"background-image: url(https:\/\/i0.wp.com\/marel-service.com\/pl\/wp-content\/uploads\/sites\/11\/2016\/07\/IMG_3508_tonemapped1.jpg?fit=1920%2C1278&ssl=1);background-repeat: no-repeat;background-size: cover;background-position: center center;min-height: 600px;\">\n\t\t\t\n\t\t\t<div class=\"slide-content-wrapper default clearfix\">\n\t\t\t\t<div class=\"slide-content animation  left\" style=\"width: 40%;background-color: rgba(255,255,255,0.01);margin-top: 100px;\">\t\t\t\t\t\n\t\t\t\t\t\n\t\t\t\t<\/div>\n\t\t\t<\/div>\n\t\t<\/div><\/div>\n<\/div>\n[\/vc_column][\/vc_row][vc_row rt_row_background_width=&#8221;default&#8221; rt_row_style=&#8221;default-style&#8221; rt_row_borders=&#8221;&#8221; rt_grid=&#8221;true&#8221; rt_row_paddings=&#8221;true&#8221; rt_bg_effect=&#8221;classic&#8221; rt_bg_image_repeat=&#8221;repeat&#8221; rt_bg_size=&#8221;cover&#8221; rt_bg_position=&#8221;right top&#8221; rt_bg_attachment=&#8221;scroll&#8221; rt_bg_video_format=&#8221;self-hosted&#8221; rt_padding_top=&#8221;40&#8243; rt_padding_bottom=&#8221;40&#8243;][vc_column width=&#8221;1\/3&#8243; rt_bg_image_repeat=&#8221;repeat&#8221; rt_bg_size=&#8221;auto auto&#8221; rt_bg_attachment=&#8221;scroll&#8221;]<article  class=\"image-content-box content-box box-style-1 left\"><div class=\"featured_image_holder\"><a href=\"#\" title=\"\" target=\"_self\"><img decoding=\"async\" class=\"img-responsive\" src=\"https:\/\/i0.wp.com\/marel-service.com\/pl\/wp-content\/uploads\/sites\/11\/2016\/08\/slide-1-1-e1470308248712-concentrate-e1470918465147.png?fit=599%2C399&ssl=1\" alt=\"\" \/><\/a><\/div><div class=\"text-holder\">\n\t<h4 class=\"heading\" >\n\t\t<a href=\"#\" title=\"Marel Electric Sp. z o.o.\" target=\"_self\" >\n\t\t\tMarel Electric Sp. z o.o.\n\t\t<\/a>\n\t<\/h4> <p>Firma Marel specjalizuje si\u0119 w serwisowaniu system\u00f3w automatyki i elektroniki morskiej. Mo\u017cemy pochwali\u0107 si\u0119 ponad 25-letnim do\u015bwiadczeniem w rozwi\u0105zywaniu problem\u00f3w zwi\u0105zanych z automatyk\u0105 si\u0142owni. Nasze g\u0142\u00f3wne obszary dzia\u0142alno\u015bci:<\/p>\n<ul>\n<li>automatyka silnika g\u0142\u00f3wnego i pomocniczego<\/li>\n<li>systemy zarz\u0105dzania moc\u0105 (m. in. Deif, Selco)<\/li>\n<li>wy\u0142\u0105czniki zwarciowe (m. in. ABB, Terasaki, Schneider, Moeller, Apena)<\/li>\n<li>i wiele innych&#8230;<\/li>\n<\/ul>\n<\/div><\/article>[\/vc_column][vc_column width=&#8221;1\/3&#8243; rt_bg_image_repeat=&#8221;repeat&#8221; rt_bg_size=&#8221;auto auto&#8221; rt_bg_attachment=&#8221;scroll&#8221;]<article  class=\"image-content-box content-box box-style-1 left\"><div class=\"featured_image_holder\"><a href=\"#\" title=\"\" target=\"_self\"><img decoding=\"async\" class=\"img-responsive\" src=\"https:\/\/i0.wp.com\/marel-service.com\/pl\/wp-content\/uploads\/sites\/11\/2016\/08\/kask.png?fit=600%2C400&ssl=1\" alt=\"\" \/><\/a><\/div><div class=\"text-holder\">\n\t<h4 class=\"heading\" >\n\t\t<a href=\"#\" title=\"Retrofit oraz indywidualne rozwi\u0105zania\" target=\"_self\" >\n\t\t\tRetrofit oraz indywidualne rozwi\u0105zania\n\t\t<\/a>\n\t<\/h4> <p>Firma Marel podejmuje si\u0119 problem\u00f3w nietypowych, cz\u0119sto specyficznych dla danej jednostki. Umiej\u0119tno\u015bci i do\u015bwiadczenie naszej za\u0142ogi sprawiaj\u0105, \u017ce jeste\u015bmy w stanie radzi\u0107 sobie z takimi projektami w kompleksowy spos\u00f3b &#8211; od zamys\u0142u, a\u017c po wdro\u017cenie i zdanie w dzia\u0142aniu.<\/p>\n<\/div><\/article>[\/vc_column][vc_column width=&#8221;1\/3&#8243; rt_bg_image_repeat=&#8221;repeat&#8221; rt_bg_size=&#8221;auto auto&#8221; rt_bg_attachment=&#8221;scroll&#8221;]<article  class=\"image-content-box content-box box-style-1 left\"><div class=\"featured_image_holder\"><img decoding=\"async\" class=\"img-responsive\" src=\"https:\/\/i0.wp.com\/marel-service.com\/pl\/wp-content\/uploads\/sites\/11\/2016\/07\/1-4-e1470918608570.jpg?fit=599%2C399&ssl=1\" alt=\"volvo penta\" \/><\/div><div class=\"text-holder\"><h4 class=\"heading\">Instalacje elektryczne<\/h4> <p>Dla firmy Marel pracuje zesp\u00f3\u0142 do\u015bwiadczonych elektronik\u00f3w. Du\u017ca elastyczno\u015b\u0107 pozwala na mierzenie si\u0119 z problemami o dowolnej skali &#8211; od kr\u00f3tkich, kilkudniowych zada\u0144 wymagaj\u0105cych natychmiastowej reakcji, a\u017c po projekty o wielkiej skali &#8211; takie jak instalacja systemu oczyszczania spalin &#8222;Scrubber&#8221; podczas kt\u00f3rego\u00a0po\u0142o\u017cono ponad 11 km przewod\u00f3w sygna\u0142owych i zasilaj\u0105cych wsp\u00f3lnym wysi\u0142kiem 30 instalator\u00f3w.<\/p>\n<\/div><\/article>[\/vc_column][\/vc_row][vc_row rt_row_background_width=&#8221;default&#8221; rt_row_style=&#8221;default-style&#8221; rt_row_borders=&#8221;&#8221; rt_grid=&#8221;true&#8221; rt_row_paddings=&#8221;true&#8221; rt_bg_effect=&#8221;classic&#8221; rt_bg_image_repeat=&#8221;repeat&#8221; rt_bg_size=&#8221;cover&#8221; rt_bg_position=&#8221;right top&#8221; rt_bg_attachment=&#8221;scroll&#8221; rt_bg_video_format=&#8221;self-hosted&#8221; rt_padding_top=&#8221;40&#8243; rt_padding_bottom=&#8221;40&#8243;][vc_column width=&#8221;1\/3&#8243; rt_bg_image_repeat=&#8221;repeat&#8221; rt_bg_size=&#8221;auto auto&#8221; rt_bg_attachment=&#8221;scroll&#8221;]<article  class=\"image-content-box content-box box-style-1 left\"><div class=\"featured_image_holder\"><a href=\"#\" title=\"\" target=\"_self\"><img decoding=\"async\" class=\"img-responsive\" src=\"https:\/\/i0.wp.com\/marel-service.com\/pl\/wp-content\/uploads\/sites\/11\/2016\/07\/MG_8177-e1470918797420.jpg?fit=600%2C400&ssl=1\" alt=\"\" \/><\/a><\/div><div class=\"text-holder\">\n\t<h4 class=\"heading\" >\n\t\t<a href=\"#\" title=\"Wytwarzanie i zarz\u0105dzanie moc\u0105\" target=\"_self\" >\n\t\t\tWytwarzanie i zarz\u0105dzanie moc\u0105\n\t\t<\/a>\n\t<\/h4> <p>Jednym z naszych g\u0142\u00f3wnych obszar\u00f3w dzia\u0142a\u0144, s\u0105 kwestie zwi\u0105zane z wytwarzaniem, oraz zarz\u0105dzaniem moc\u0105. Dzi\u0119ki naszemu do\u015bwiadczeniu, oraz wieloletniej wsp\u00f3\u0142pracy z producentami regulator\u00f3w napi\u0119cia\/synchronizator\u00f3w, jeste\u015bmy w stanie rozwi\u0105za\u0107 ka\u017cdy problem powodowany przez wadliw\u0105 prac\u0119 silnika, pr\u0105dnicy, regulatora, wy\u0142\u0105cznika, czy synchronizatora.<\/p>\n<\/div><\/article>[\/vc_column][vc_column width=&#8221;1\/3&#8243; rt_bg_image_repeat=&#8221;repeat&#8221; rt_bg_size=&#8221;auto auto&#8221; rt_bg_attachment=&#8221;scroll&#8221;]<article  class=\"image-content-box content-box box-style-1 left\"><div class=\"featured_image_holder\"><a href=\"#\" title=\"\" target=\"_self\"><img decoding=\"async\" class=\"img-responsive\" src=\"https:\/\/i0.wp.com\/marel-service.com\/pl\/wp-content\/uploads\/sites\/11\/2016\/07\/MG_8178-e1470918905607.jpg?fit=600%2C400&ssl=1\" alt=\"\" \/><\/a><\/div><div class=\"text-holder\">\n\t<h4 class=\"heading\" >\n\t\t<a href=\"#\" title=\"Wy\u0142\u0105czniki zwarciowe\" target=\"_self\" >\n\t\t\tWy\u0142\u0105czniki zwarciowe\n\t\t<\/a>\n\t<\/h4> <p>Jeste\u015bmy wyposa\u017ceni w dedykowane testery, jak r\u00f3wnie\u017c w zestaw w\u0142asnor\u0119cznie stworzonych narz\u0119dzi, kt\u00f3re pozwalaj\u0105 na sprawdzenie zabezpiecze\u0144, oraz wystawienie protoko\u0142u dla wi\u0119kszo\u015bci niskonapi\u0119ciowych wy\u0142\u0105cznik\u00f3w zwarciowych<\/p>\n<\/div><\/article>[\/vc_column][vc_column width=&#8221;1\/3&#8243; rt_bg_image_repeat=&#8221;repeat&#8221; rt_bg_size=&#8221;auto auto&#8221; rt_bg_attachment=&#8221;scroll&#8221;]<article  class=\"image-content-box content-box box-style-1 left\"><div class=\"featured_image_holder\"><img decoding=\"async\" class=\"img-responsive\" src=\"https:\/\/i0.wp.com\/marel-service.com\/pl\/wp-content\/uploads\/sites\/11\/2016\/07\/lutownica-e1470919113646.jpg?fit=599%2C400&ssl=1\" alt=\"\" \/><\/div><div class=\"text-holder\"><h4 class=\"heading\">Naprawa urz\u0105dze\u0144 elektronicznych<\/h4> <p>Jako firma posiadaj\u0105ca w szeregach najlepszych elektronik\u00f3w, du\u017c\u0105 cz\u0119\u015bci\u0105 naszej dzia\u0142alno\u015bci stanowi serwis wadliwych urz\u0105dze\u0144 elektrycznych. Korzystaj\u0105c z metod in\u017cynierii wstecznej jeste\u015bmy w stanie naprawi\u0107 p\u0142ytki drukowane najr\u00f3\u017cniejszego przeznaczenia, cz\u0119sto bez dost\u0119pu do dokumentacji producenta.<\/p>\n<\/div><\/article>[\/vc_column][\/vc_row][vc_row rt_row_background_width=&#8221;fullwidth&#8221; rt_row_content_width=&#8221;default&#8221; rt_row_style=&#8221;alt-style-1&#8243; rt_row_borders=&#8221;&#8221; rt_row_paddings=&#8221;true&#8221; rt_bg_image=&#8221;3511&#8243; rt_bg_effect=&#8221;classic&#8221; rt_bg_image_repeat=&#8221;repeat&#8221; rt_bg_size=&#8221;100% auto&#8221; rt_bg_position=&#8221;left bottom&#8221; rt_bg_attachment=&#8221;fixed&#8221; rt_bg_video_format=&#8221;self-hosted&#8221; rt_padding_top=&#8221;160&#8243; rt_padding_bottom=&#8221;0&#8243; rt_padding_left=&#8221;0&#8243; rt_padding_right=&#8221;0&#8243;][vc_column rt_bg_image_repeat=&#8221;repeat&#8221; rt_bg_size=&#8221;auto auto&#8221; rt_bg_attachment=&#8221;scroll&#8221; rt_padding_top=&#8221;60&#8243; rt_padding_bottom=&#8221;20&#8243; rt_bg_color=&#8221;rgba(255,255,255,0.64)&#8221; rt_padding_left=&#8221;40&#8243; rt_padding_right=&#8221;40&#8243;]<div class=\"rt_heading_wrapper style-4\">\n\t\t\t\t\t\t\n\t\t\t\t\t\t<h2 class=\"rt_heading  style-4\" >Nasze mocne strony<\/h2>\n\t\t\t\t\t<\/div>[\/vc_column][\/vc_row][vc_row rt_row_background_width=&#8221;fullwidth&#8221; rt_row_content_width=&#8221;default&#8221; rt_row_style=&#8221;default-style&#8221; rt_row_borders=&#8221;&#8221; rt_row_paddings=&#8221;true&#8221; rt_bg_effect=&#8221;parallax&#8221; rt_bg_parallax_effect=&#8221;1&#8243; rt_bg_image_repeat=&#8221;repeat&#8221; rt_bg_size=&#8221;auto auto&#8221; rt_bg_position=&#8221;right top&#8221; rt_bg_video_format=&#8221;self-hosted&#8221; rt_row_width=&#8221;default&#8221; rt_padding_top=&#8221;60&#8243; rt_padding_bottom=&#8221;0&#8243;][vc_column width=&#8221;1\/3&#8243; rt_bg_image_repeat=&#8221;repeat&#8221; rt_bg_size=&#8221;auto auto&#8221; rt_bg_attachment=&#8221;scroll&#8221;][vc_empty_space height=&#8221;60px&#8221;]\t \n\t\t<div  class=\"chained_contents style-2  right\" data-rt-animation-group=\"group\">\n\t\t\t \n\t\t<div  class=\"\" data-rt-animate=\"animate\" data-rt-animation-type=\"fadeInDown\">\n\t\t<span class=\"number\">1<\/span><div class=\"list-content\"><p>Za\u0142oga wyszkolonych in\u017cynier\u00f3w, zdolna do podj\u0119cia pracy na ca\u0142ym \u015bwiecie<\/p>\n<\/div>\n\t\t<\/div>\n\t\t \n\t\t<div  class=\"\" data-rt-animate=\"animate\" data-rt-animation-type=\"fadeInDown\">\n\t\t<span class=\"number\">2<\/span><div class=\"list-content\"><p>Szybki czas reakcji<\/p>\n<\/div>\n\t\t<\/div>\n\t\t \n\t\t<div  class=\"\" data-rt-animate=\"animate\" data-rt-animation-type=\"fadeInDown\">\n\t\t<span class=\"number\">3<\/span><div class=\"list-content\"><p>Umiej\u0119tno\u015b\u0107 radzenia sobie pod presj\u0105 czasu<\/p>\n<\/div>\n\t\t<\/div>\n\t\n\t\t<\/div>\n\t[\/vc_column][vc_column width=&#8221;1\/3&#8243; rt_bg_image_repeat=&#8221;repeat&#8221; rt_bg_size=&#8221;auto auto&#8221; rt_bg_attachment=&#8221;scroll&#8221;][vc_single_image image=&#8221;2568&#8243; img_size=&#8221;full&#8221; alignment=&#8221;center&#8221;][\/vc_column][vc_column width=&#8221;1\/3&#8243; rt_bg_image_repeat=&#8221;repeat&#8221; rt_bg_size=&#8221;auto auto&#8221; rt_bg_attachment=&#8221;scroll&#8221;][vc_empty_space height=&#8221;60px&#8221;]\t \n\t\t<div  class=\"chained_contents style-2  left\" data-rt-animation-group=\"group\">\n\t\t\t \n\t\t<div  class=\"\" data-rt-animate=\"animate\" data-rt-animation-type=\"fadeInDown\">\n\t\t<span class=\"number\">4<\/span><div class=\"list-content\"><p>Wsparcie 24\/7<\/p>\n<\/div>\n\t\t<\/div>\n\t\t \n\t\t<div  class=\"\" data-rt-animate=\"animate\" data-rt-animation-type=\"fadeInDown\">\n\t\t<span class=\"number\">5<\/span><div class=\"list-content\"><p>Darmowa pomoc telefoniczna, lub poprzez email<\/p>\n<\/div>\n\t\t<\/div>\n\t\t \n\t\t<div  class=\"\" data-rt-animate=\"animate\" data-rt-animation-type=\"fadeInDown\">\n\t\t<span class=\"number\">6<\/span><div class=\"list-content\"><p>Elastyczno\u015b\u0107: od niewielkich napraw, po projekty o wielkiej skali<\/p>\n<\/div>\n\t\t<\/div>\n\t\n\t\t<\/div>\n\t[\/vc_column][\/vc_row][vc_row full_height=&#8221;yes&#8221; rt_row_background_width=&#8221;fullwidth&#8221; rt_row_content_width=&#8221;fullwidth&#8221; rt_row_style=&#8221;default-style&#8221; rt_row_borders=&#8221;&#8221; rt_row_paddings=&#8221;true&#8221; rt_bg_effect=&#8221;classic&#8221; rt_bg_image_repeat=&#8221;repeat&#8221; rt_bg_size=&#8221;cover&#8221; rt_bg_position=&#8221;right top&#8221; rt_bg_attachment=&#8221;scroll&#8221; rt_bg_video_format=&#8221;self-hosted&#8221; rt_bg_video_mp4=&#8221;https:\/\/marel-service.com\/pl\/wp-content\/uploads\/sites\/11\/2016\/08\/Sequence-01_dipToBlack.mp4&#8243;][vc_column rt_bg_image_repeat=&#8221;repeat&#8221; rt_bg_size=&#8221;auto auto&#8221; rt_bg_attachment=&#8221;scroll&#8221; offset=&#8221;vc_hidden-xs&#8221;][\/vc_column][\/vc_row][vc_row rt_row_background_width=&#8221;default&#8221; rt_row_style=&#8221;alt-style-1&#8243; rt_row_borders=&#8221;&#8221; rt_grid=&#8221;true&#8221; rt_row_paddings=&#8221;true&#8221; rt_bg_effect=&#8221;classic&#8221; rt_bg_image_repeat=&#8221;repeat&#8221; rt_bg_size=&#8221;auto auto&#8221; rt_bg_position=&#8221;right top&#8221; rt_bg_attachment=&#8221;scroll&#8221; rt_bg_video_format=&#8221;self-hosted&#8221; rt_row_width=&#8221;default&#8221; rt_padding_top=&#8221;50&#8243; rt_padding_bottom=&#8221;50&#8243;][vc_column width=&#8221;1\/2&#8243; rt_bg_image_repeat=&#8221;repeat&#8221; rt_bg_size=&#8221;auto auto&#8221; rt_bg_attachment=&#8221;scroll&#8221;]<div class=\"rt_heading_wrapper style-6\">\n\t\t\t\t\t\t\n\t\t\t\t\t\t<h4 class=\"rt_heading  style-6\" ><span class=\"icon-glyph-2 heading_icon\"><\/span>Automatyka morska<\/h4>\n\t\t\t\t\t<\/div>\t \n\t\t<div  class=\"with_icons style-3 \">\n\t\t\t \n\t\t<div  >\n\t\t<span class=\"icon-cog-alt icon\"><\/span><div class=\"list-content\">Serwis urz\u0105dze\u0144 automatyki przemys\u0142owej<\/div>\n\t\t<\/div>\n\t\t \n\t\t<div  >\n\t\t<span class=\"icon-lightbulb icon\"><\/span><div class=\"list-content\">Naprawa p\u0142ytek elektronicznych PCB<\/div>\n\t\t<\/div>\n\t\t \n\t\t<div  >\n\t\t<span class=\"icon-ferry icon\"><\/span><div class=\"list-content\">Projektowanie oraz modyfikacja system\u00f3w automatyki\u00a0morskiej<\/div>\n\t\t<\/div>\n\t\t \n\t\t<div  >\n\t\t<span class=\"icon-pencil icon\"><\/span><div class=\"list-content\">Projektowanie i produkcja rozdzielnic automatyki przemys\u0142owej<\/div>\n\t\t<\/div>\n\t\t \n\t\t<div  >\n\t\t<span class=\"icon-new-link-1 icon\"><\/span><div class=\"list-content\">Monta\u017c instalacji elektrycznych na morzu i l\u0105dzie<\/div>\n\t\t<\/div>\n\t\t \n\t\t<div  >\n\t\t<span class=\"icon-monitor icon\"><\/span><div class=\"list-content\">Zintegrowane systemy automatyki i monitoringu si\u0142owni Diamar<\/div>\n\t\t<\/div>\n\t\t \n\t\t<div  >\n\t\t<span class=\"icon-attention icon\"><\/span><div class=\"list-content\">Naprawa i badanie sprawno\u015bci zabezpiecze\u0144 wy\u0142\u0105cznik\u00f3w zwarciowych:<\/p>\n<ul>\n<li>Zabezpieczenia wy\u0142\u0105cznik\u00f3w <strong>ABB<\/strong><\/li>\n<li>Zabezpieczenia wy\u0142\u0105cznik\u00f3w <strong>Schneider Electric<\/strong><\/li>\n<li>Zabezpieczenia wy\u0142\u0105cznik\u00f3w <strong>EATON<\/strong><\/li>\n<li>Zabezpieczenia wy\u0142\u0105cznik\u00f3w <strong>Siemens<\/strong><\/li>\n<li>Zabezpieczenia wy\u0142\u0105cznik\u00f3w <strong>Terasaki<\/strong><\/li>\n<li>Zabezpieczenia wy\u0142\u0105cznik\u00f3w <strong>Klockner-Moeller<\/strong><\/li>\n<\/ul>\n<\/div>\n\t\t<\/div>\n\t\t \n\t\t<div  >\n\t\t<span class=\"icon-flash-outline icon\"><\/span><div class=\"list-content\">Automatyczne regulatory napi\u0119cia pr\u0105dnic\u00a0<a href=\"http:\/\/www.marel.szczecin.pl\/index.php?p=1#\">Emri<\/a><\/div>\n\t\t<\/div>\n\t\t \n\t\t<div  >\n\t\t<div class=\"list-content\">Mierniki w\u00f3d zaolejonych oraz pomiar zm\u0119tnienia\u00a0<a href=\"http:\/\/www.marel.szczecin.pl\/index.php?p=1#\">Deckma<\/a><\/div>\n\t\t<\/div>\n\t\t \n\t\t<div  >\n\t\t<span class=\"icon-gauge-1 icon\"><\/span><div class=\"list-content\">Badanie sprawno\u015bci akumulator\u00f3w system\u00f3w awaryjnego zasilania UPS<\/div>\n\t\t<\/div>\n\t\n\t\t<\/div>\n\t[\/vc_column][vc_column width=&#8221;1\/2&#8243; rt_bg_image_repeat=&#8221;repeat&#8221; rt_bg_size=&#8221;auto auto&#8221; rt_bg_attachment=&#8221;scroll&#8221;]<div class=\"rt_heading_wrapper style-6\">\n\t\t\t\t\t\t\n\t\t\t\t\t\t<h4 class=\"rt_heading  style-6\" ><span class=\"icon-glyph-15 heading_icon\"><\/span>Instalacje elektryczne<\/h4>\n\t\t\t\t\t<\/div>\t \n\t\t<div  class=\"with_icons style-3 \">\n\t\t\t \n\t\t<div  >\n\t\t<span class=\"icon-dot-circled icon\"><\/span><div class=\"list-content\">Uk\u0142adanie przewod\u00f3w<\/div>\n\t\t<\/div>\n\t\t \n\t\t<div  >\n\t\t<span class=\"air icon-air icon\"><\/span><div class=\"list-content\">Monta\u017c\u00a0tor\u00f3w kablowych<\/div>\n\t\t<\/div>\n\t\t \n\t\t<div  >\n\t\t<span class=\"icon-flow-cascade icon\"><\/span><div class=\"list-content\">Pod\u0142\u0105czenia i zdawanie<\/div>\n\t\t<\/div>\n\t\t \n\t\t<div  >\n\t\t<span class=\"icon-cube icon\"><\/span><div class=\"list-content\">Projektowanie i wykonywanie rozdzielnic elektrycznych<\/div>\n\t\t<\/div>\n\t\n\t\t<\/div>\n\t[\/vc_column][\/vc_row]<\/p>\n","protected":false},"excerpt":{"rendered":"<p>[vc_row rt_row_background_width=&#8221;fullwidth&#8221; rt_row_content_width=&#8221;fullwidth&#8221; rt_row_style=&#8221;default-style&#8221; rt_row_borders=&#8221;&#8221; rt_row_paddings=&#8221;false&#8221; rt_bg_effect=&#8221;classic&#8221; rt_bg_image_repeat=&#8221;repeat&#8221; rt_bg_size=&#8221;cover&#8221; rt_bg_position=&#8221;right top&#8221; rt_bg_attachment=&#8221;scroll&#8221; rt_bg_video_format=&#8221;self-hosted&#8221;][vc_column rt_bg_image_repeat=&#8221;repeat&#8221; rt_bg_size=&#8221;auto auto&#8221; rt_bg_attachment=&#8221;scroll&#8221;][\/vc_column][\/vc_row][vc_row rt_row_background_width=&#8221;default&#8221; rt_row_style=&#8221;default-style&#8221; rt_row_borders=&#8221;&#8221; rt_grid=&#8221;true&#8221; rt_row_paddings=&#8221;true&#8221; rt_bg_effect=&#8221;classic&#8221; rt_bg_image_repeat=&#8221;repeat&#8221; rt_bg_size=&#8221;cover&#8221; rt_bg_position=&#8221;right top&#8221; rt_bg_attachment=&#8221;scroll&#8221; rt_bg_video_format=&#8221;self-hosted&#8221; rt_padding_top=&#8221;40&#8243; rt_padding_bottom=&#8221;40&#8243;][vc_column width=&#8221;1\/3&#8243; rt_bg_image_repeat=&#8221;repeat&#8221; rt_bg_size=&#8221;auto auto&#8221; rt_bg_attachment=&#8221;scroll&#8221;][\/vc_column][vc_column width=&#8221;1\/3&#8243; rt_bg_image_repeat=&#8221;repeat&#8221; rt_bg_size=&#8221;auto auto&#8221; rt_bg_attachment=&#8221;scroll&#8221;][\/vc_column][vc_column width=&#8221;1\/3&#8243; rt_bg_image_repeat=&#8221;repeat&#8221; rt_bg_size=&#8221;auto auto&#8221; rt_bg_attachment=&#8221;scroll&#8221;][\/vc_column][\/vc_row][vc_row rt_row_background_width=&#8221;default&#8221; rt_row_style=&#8221;default-style&#8221; rt_row_borders=&#8221;&#8221; rt_grid=&#8221;true&#8221; rt_row_paddings=&#8221;true&#8221; rt_bg_effect=&#8221;classic&#8221; rt_bg_image_repeat=&#8221;repeat&#8221; rt_bg_size=&#8221;cover&#8221; rt_bg_position=&#8221;right [&hellip;]<\/p>\n","protected":false},"author":2,"featured_media":0,"parent":0,"menu_order":0,"comment_status":"open","ping_status":"open","template":"","meta":{"footnotes":""},"class_list":["post-3438","page","type-page","status-publish","hentry"],"jetpack_sharing_enabled":true,"_links":{"self":[{"href":"https:\/\/marel-service.com\/pl\/wp-json\/wp\/v2\/pages\/3438","targetHints":{"allow":["GET"]}}],"collection":[{"href":"https:\/\/marel-service.com\/pl\/wp-json\/wp\/v2\/pages"}],"about":[{"href":"https:\/\/marel-service.com\/pl\/wp-json\/wp\/v2\/types\/page"}],"author":[{"embeddable":true,"href":"https:\/\/marel-service.com\/pl\/wp-json\/wp\/v2\/users\/2"}],"replies":[{"embeddable":true,"href":"https:\/\/marel-service.com\/pl\/wp-json\/wp\/v2\/comments?post=3438"}],"version-history":[{"count":38,"href":"https:\/\/marel-service.com\/pl\/wp-json\/wp\/v2\/pages\/3438\/revisions"}],"predecessor-version":[{"id":4435,"href":"https:\/\/marel-service.com\/pl\/wp-json\/wp\/v2\/pages\/3438\/revisions\/4435"}],"wp:attachment":[{"href":"https:\/\/marel-service.com\/pl\/wp-json\/wp\/v2\/media?parent=3438"}],"curies":[{"name":"wp","href":"https:\/\/api.w.org\/{rel}","templated":true}]}}