{"id":4053,"date":"2016-09-01T13:03:41","date_gmt":"2016-09-01T11:03:41","guid":{"rendered":"http:\/\/marel-service.com\/en\/?page_id=4053"},"modified":"2019-06-03T15:13:56","modified_gmt":"2019-06-03T13:13:56","slug":"zielona-energetyka","status":"publish","type":"page","link":"https:\/\/marel-service.com\/pl\/projekty\/automatyka-morska\/zielona-energetyka\/","title":{"rendered":"Przygotowanie laboratoryjnego stanowiska synchronizacji pr\u0105dnic w ramach projektu &#8222;Zielona Energetyka&#8221;"},"content":{"rendered":"<p>[vc_row rt_row_background_width=&#8221;default&#8221; rt_row_style=&#8221;default-style&#8221; rt_row_borders=&#8221;&#8221; rt_row_paddings=&#8221;true&#8221; rt_bg_effect=&#8221;classic&#8221; rt_bg_image_repeat=&#8221;repeat&#8221; rt_bg_size=&#8221;cover&#8221; rt_bg_position=&#8221;center top&#8221; rt_bg_attachment=&#8221;scroll&#8221; rt_bg_video_format=&#8221;self-hosted&#8221; rt_bg_color=&#8221;#f6f6f6&#8243;][vc_column rt_bg_image_repeat=&#8221;repeat&#8221; rt_bg_size=&#8221;auto auto&#8221; rt_bg_attachment=&#8221;scroll&#8221;]<div class=\"rt_heading_wrapper style-1\">\n\t\t\t\t\t\t\n\t\t\t\t\t\t<h1 class=\"rt_heading  style-1\" >Przygotowanie laboratoryjnego stanowiska synchronizacji pr\u0105dnic w ramach projektu &#8222;Zielona Energetyka&#8221;<\/h1>\n\t\t\t\t\t<\/div>[\/vc_column][\/vc_row][vc_row rt_row_background_width=&#8221;default&#8221; rt_row_style=&#8221;default-style&#8221; rt_row_borders=&#8221;&#8221; rt_grid=&#8221;true&#8221; rt_row_paddings=&#8221;true&#8221; rt_bg_effect=&#8221;classic&#8221; rt_bg_image_repeat=&#8221;repeat&#8221; rt_bg_size=&#8221;cover&#8221; rt_bg_position=&#8221;right top&#8221; rt_bg_attachment=&#8221;scroll&#8221; rt_bg_video_format=&#8221;self-hosted&#8221;][vc_column rt_bg_image_repeat=&#8221;repeat&#8221; rt_bg_size=&#8221;auto auto&#8221; rt_bg_attachment=&#8221;scroll&#8221;][vc_column_text css_animation=&#8221;left-to-right&#8221;]W latach 2013-2014 Akademia Morska w Szczecinie zrealizowa\u0142a projekt badawczy &#8222;Zielona Energetyka&#8221;. Jego celem by\u0142o\u00a0umo\u017cliwienie prowadzenia bada\u0144 nad jako\u015bci\u0105 energii produkowanej ze \u017ar\u00f3de\u0142 odnawialnych.\u00a0Laboratorium w kszta\u0142cie proponowanym w projekcie jest pierwszym tego typu w Polsce i jednym z nielicznych w Europie. Jego Innowacyjno\u015b\u0107 polega na niespotykanym dot\u0105d po\u0142\u0105czeniu poszczeg\u00f3lnych system\u00f3w energetycznych, zw\u0142aszcza w przypadku pr\u0105dnic, i badaniu ich wzajemnego oddzia\u0142ywania na produkowan\u0105 i przesy\u0142an\u0105 energi\u0119.[\/vc_column_text][vc_single_image image=&#8221;4192&#8243; img_size=&#8221;medium&#8221; alignment=&#8221;center&#8221; onclick=&#8221;link_image&#8221; css_animation=&#8221;right-to-left&#8221;][vc_column_text css_animation=&#8221;right-to-left&#8221;]Laboratorium zosta\u0142o wyposa\u017cone w symulatory i urz\u0105dzenia pomiarowe, pozwalaj\u0105ce zbada\u0107 wzajemne oddzia\u0142ywania i mo\u017cliwo\u015b\u0107 r\u00f3wnloeg\u0142ej pracy generator\u00f3w r\u00f3\u017cnego typu (np. r\u00f3wnoczesna praca generator\u00f3w diesla i turbin wiatrowych w jednej sieci).<\/p>\n<p>Firma MAREL-Serwis by\u0142a odpowiedzialna za stworzenie newralgicznej cz\u0119\u015bci systemu, realizuj\u0105cej proces synchronizacji i pracy r\u00f3wnoleg\u0142ej generator\u00f3w, kt\u00f3rych parametry mo\u017cna zmienia\u0107 w szerokim zakresie.[\/vc_column_text][vc_row_inner rt_row_style=&#8221;global-style&#8221;][vc_column_inner width=&#8221;1\/2&#8243; rt_bg_image_repeat=&#8221;repeat&#8221; rt_bg_size=&#8221;auto auto&#8221; rt_bg_attachment=&#8221;scroll&#8221; class=&#8221;picture-column&#8221;][vc_single_image image=&#8221;3489&#8243; img_size=&#8221;medium&#8221; alignment=&#8221;right&#8221; onclick=&#8221;link_image&#8221; css_animation=&#8221;left-to-right&#8221;][\/vc_column_inner][vc_column_inner width=&#8221;1\/2&#8243; rt_bg_image_repeat=&#8221;repeat&#8221; rt_bg_size=&#8221;auto auto&#8221; rt_bg_attachment=&#8221;scroll&#8221; class=&#8221;picture-column&#8221;][vc_single_image image=&#8221;3488&#8243; img_size=&#8221;medium&#8221; onclick=&#8221;link_image&#8221; css_animation=&#8221;left-to-right&#8221;][\/vc_column_inner][\/vc_row_inner][vc_column_text css_animation=&#8221;left-to-right&#8221; css=&#8221;.vc_custom_1473947056027{border-radius: 15px !important;}&#8221;]Korzystaj\u0105c z bogatego do\u015bwiadczenia firmy w realizacjach projekt\u00f3w, zwi\u0105zanych z zarz\u0105dzaniem moc\u0105 w elektrowniach statkowych, stworzyli\u015bmy innowacyjny system synchronizacji, z mo\u017cliwo\u015bci\u0105 praktycznie nieograniczonej modyfikacji parametr\u00f3w pracy przez naukowc\u00f3w i laborant\u00f3w.[\/vc_column_text][vc_single_image image=&#8221;4191&#8243; img_size=&#8221;medium&#8221; alignment=&#8221;center&#8221; onclick=&#8221;link_image&#8221; css_animation=&#8221;left-to-right&#8221;][\/vc_column][\/vc_row]<\/p>\n","protected":false},"excerpt":{"rendered":"<p>[vc_row rt_row_background_width=&#8221;default&#8221; rt_row_style=&#8221;default-style&#8221; rt_row_borders=&#8221;&#8221; rt_row_paddings=&#8221;true&#8221; rt_bg_effect=&#8221;classic&#8221; rt_bg_image_repeat=&#8221;repeat&#8221; rt_bg_size=&#8221;cover&#8221; rt_bg_position=&#8221;center top&#8221; rt_bg_attachment=&#8221;scroll&#8221; rt_bg_video_format=&#8221;self-hosted&#8221; rt_bg_color=&#8221;#f6f6f6&#8243;][vc_column rt_bg_image_repeat=&#8221;repeat&#8221; rt_bg_size=&#8221;auto auto&#8221; rt_bg_attachment=&#8221;scroll&#8221;][\/vc_column][\/vc_row][vc_row rt_row_background_width=&#8221;default&#8221; rt_row_style=&#8221;default-style&#8221; rt_row_borders=&#8221;&#8221; rt_grid=&#8221;true&#8221; rt_row_paddings=&#8221;true&#8221; rt_bg_effect=&#8221;classic&#8221; rt_bg_image_repeat=&#8221;repeat&#8221; rt_bg_size=&#8221;cover&#8221; rt_bg_position=&#8221;right top&#8221; rt_bg_attachment=&#8221;scroll&#8221; rt_bg_video_format=&#8221;self-hosted&#8221;][vc_column rt_bg_image_repeat=&#8221;repeat&#8221; rt_bg_size=&#8221;auto auto&#8221; rt_bg_attachment=&#8221;scroll&#8221;][vc_column_text css_animation=&#8221;left-to-right&#8221;]W latach 2013-2014 Akademia Morska w Szczecinie zrealizowa\u0142a projekt badawczy &#8222;Zielona Energetyka&#8221;. Jego celem by\u0142o\u00a0umo\u017cliwienie prowadzenia bada\u0144 nad jako\u015bci\u0105 energii produkowanej ze [&hellip;]<\/p>\n","protected":false},"author":1,"featured_media":0,"parent":4406,"menu_order":0,"comment_status":"closed","ping_status":"closed","template":"","meta":{"footnotes":""},"class_list":["post-4053","page","type-page","status-publish","hentry"],"jetpack_sharing_enabled":true,"_links":{"self":[{"href":"https:\/\/marel-service.com\/pl\/wp-json\/wp\/v2\/pages\/4053","targetHints":{"allow":["GET"]}}],"collection":[{"href":"https:\/\/marel-service.com\/pl\/wp-json\/wp\/v2\/pages"}],"about":[{"href":"https:\/\/marel-service.com\/pl\/wp-json\/wp\/v2\/types\/page"}],"author":[{"embeddable":true,"href":"https:\/\/marel-service.com\/pl\/wp-json\/wp\/v2\/users\/1"}],"replies":[{"embeddable":true,"href":"https:\/\/marel-service.com\/pl\/wp-json\/wp\/v2\/comments?post=4053"}],"version-history":[{"count":2,"href":"https:\/\/marel-service.com\/pl\/wp-json\/wp\/v2\/pages\/4053\/revisions"}],"predecessor-version":[{"id":4196,"href":"https:\/\/marel-service.com\/pl\/wp-json\/wp\/v2\/pages\/4053\/revisions\/4196"}],"up":[{"embeddable":true,"href":"https:\/\/marel-service.com\/pl\/wp-json\/wp\/v2\/pages\/4406"}],"wp:attachment":[{"href":"https:\/\/marel-service.com\/pl\/wp-json\/wp\/v2\/media?parent=4053"}],"curies":[{"name":"wp","href":"https:\/\/api.w.org\/{rel}","templated":true}]}}