{"id":4058,"date":"2016-09-01T14:22:00","date_gmt":"2016-09-01T12:22:00","guid":{"rendered":"http:\/\/marel-service.com\/en\/?page_id=4058"},"modified":"2019-06-03T15:13:33","modified_gmt":"2019-06-03T13:13:33","slug":"rejestrator-decca","status":"publish","type":"page","link":"https:\/\/marel-service.com\/pl\/projekty\/automatyka-morska\/rejestrator-decca\/","title":{"rendered":"Opracowanie rejestratora stan\u00f3w alarmowych do systemu DECCA ISIS"},"content":{"rendered":"<p>[vc_row rt_row_background_width=&#8221;default&#8221; rt_row_style=&#8221;default-style&#8221; rt_row_borders=&#8221;&#8221; rt_row_paddings=&#8221;true&#8221; rt_bg_effect=&#8221;classic&#8221; rt_bg_image_repeat=&#8221;repeat&#8221; rt_bg_size=&#8221;cover&#8221; rt_bg_position=&#8221;center top&#8221; rt_bg_attachment=&#8221;scroll&#8221; rt_bg_video_format=&#8221;self-hosted&#8221; rt_bg_color=&#8221;#f6f6f6&#8243;][vc_column rt_bg_image_repeat=&#8221;repeat&#8221; rt_bg_size=&#8221;auto auto&#8221; rt_bg_attachment=&#8221;scroll&#8221;]<div class=\"rt_heading_wrapper style-1\">\n\t\t\t\t\t\t\n\t\t\t\t\t\t<h1 class=\"rt_heading  style-1\" >Opracowanie rejestratora stan\u00f3w alarmowych do systemu DECCA ISIS<\/h1>\n\t\t\t\t\t<\/div>[\/vc_column][\/vc_row][vc_row rt_row_background_width=&#8221;default&#8221; rt_row_style=&#8221;default-style&#8221; rt_row_borders=&#8221;&#8221; rt_grid=&#8221;true&#8221; rt_row_paddings=&#8221;true&#8221; rt_bg_effect=&#8221;classic&#8221; rt_bg_image_repeat=&#8221;repeat&#8221; rt_bg_size=&#8221;cover&#8221; rt_bg_position=&#8221;right top&#8221; rt_bg_attachment=&#8221;scroll&#8221; rt_bg_video_format=&#8221;self-hosted&#8221;][vc_column rt_bg_image_repeat=&#8221;repeat&#8221; rt_bg_size=&#8221;auto auto&#8221; rt_bg_attachment=&#8221;scroll&#8221;][vc_single_image image=&#8221;4175&#8243; img_size=&#8221;medium&#8221; alignment=&#8221;center&#8221; onclick=&#8221;link_image&#8221; css_animation=&#8221;right-to-left&#8221;][vc_column_text css_animation=&#8221;left-to-right&#8221;]<strong>Decca Isis 100<\/strong>\u00a0oraz\u00a0<strong>Decca Isis 200<\/strong>\u00a0to systemy sygnalizacji pracy urz\u0105dze\u0144 dzia\u0142aj\u0105cych w si\u0142owni okr\u0119towej. W ich sk\u0142ad wchodz\u0105 zar\u00f3wno panele kontrolne, uk\u0142ady elektroniczne, jak i system sygnalizowania oraz rejestracji alarm\u00f3w wszelkiego rodzaju. Ze wszystkich wymienionych wy\u017cej element\u00f3w najbardziej na zu\u017cycie nara\u017cone s\u0105 rejestratory stan\u00f3w alarmowych &#8211; czyli drukarki zapisuj\u0105ce na papierze wszystkie wa\u017cne zdarzenia, kt\u00f3re mia\u0142y miejsce w odniesieniu do system\u00f3w automatyki si\u0142owni.[\/vc_column_text][vc_column_text css_animation=&#8221;right-to-left&#8221;]Po kilkudziesi\u0119ciu latach eksploatacji wi\u0119kszo\u015b\u0107 z takich rejestrator\u00f3w uleg\u0142o praktycznie ca\u0142kowitemu zu\u017cyciu. Zasz\u0142a potrzeba wymiany ich na nowe, lecz zar\u00f3wno same drukarki, jak i elektronika je obs\u0142uguj\u0105ca &#8211; to elementy nietypowe &#8211; Niemo\u017cliwe do kupienia b\u0105d\u017a zam\u00f3wienia w \u017cadnym sklepie, czy fabryce masowo produkuj\u0105cej podobne urz\u0105dzenia. Armatorzy statk\u00f3w zwr\u00f3cili si\u0119 wi\u0119c do firmy MAREL z pro\u015bb\u0105 o zaprojektowanie i wykonanie uk\u0142adu rejestratora stan\u00f3w alarmowych, kt\u00f3ry zast\u0105pi\u0142by stare, zu\u017cyte modu\u0142y.[\/vc_column_text][vc_row_inner rt_row_style=&#8221;global-style&#8221;][vc_column_inner width=&#8221;1\/2&#8243; rt_bg_image_repeat=&#8221;repeat&#8221; rt_bg_size=&#8221;auto auto&#8221; rt_bg_attachment=&#8221;scroll&#8221; class=&#8221;picture-column&#8221;][vc_single_image image=&#8221;4173&#8243; img_size=&#8221;medium&#8221; alignment=&#8221;right&#8221; onclick=&#8221;link_image&#8221; css_animation=&#8221;left-to-right&#8221;][\/vc_column_inner][vc_column_inner width=&#8221;1\/2&#8243; rt_bg_image_repeat=&#8221;repeat&#8221; rt_bg_size=&#8221;auto auto&#8221; rt_bg_attachment=&#8221;scroll&#8221; class=&#8221;picture-column&#8221;][vc_single_image image=&#8221;4172&#8243; img_size=&#8221;medium&#8221; onclick=&#8221;link_image&#8221; css_animation=&#8221;left-to-right&#8221;][\/vc_column_inner][\/vc_row_inner][vc_column_text css_animation=&#8221;left-to-right&#8221; css=&#8221;.vc_custom_1473929425188{border-radius: 15px !important;}&#8221;]Nasi in\u017cynierowie staneli przed wyzwaniem zaprojektowania od podstaw systemu rejestracji alarm\u00f3w kompatybilnego z systemami\u00a0<strong>DECCA ISIS 100<\/strong>\u00a0oraz\u00a0<strong>DECCA ISIS 200<\/strong>. Zadanie nie by\u0142o proste, gdy\u017c nowy system musia\u0142o cechowa\u0107 niezawodno\u015b\u0107 i \u017cywotno\u015b\u0107 co najmniej tak samo dobra jak w przypadku orygina\u0142u.[\/vc_column_text][vc_single_image image=&#8221;4174&#8243; img_size=&#8221;medium&#8221; alignment=&#8221;center&#8221; onclick=&#8221;link_image&#8221; css_animation=&#8221;left-to-right&#8221;][vc_column_text css_animation=&#8221;right-to-left&#8221;]Firma MAREL opracowa\u0142a system oparty na mikrokontrolerze, dzi\u0119ki czemu mo\u017cliwe by\u0142o znaczne zredukowanie rozmiar\u00f3w urz\u0105dzenia. U\u017cycie mikro kontrolera da\u0142o tak\u017ce mo\u017cliwo\u015b\u0107 \u0142atwej modyfikacji zasad dzia\u0142ania rejestratora bez dokonywania \u017cadnych fizycznych zmian w budowie uk\u0142adu, jak r\u00f3wnie\u017c pozwoli\u0142o w znacznym stopniu upro\u015bci\u0107 uk\u0142ad, co da\u0142o efekt w postaci awaryjno\u015bci zmniejszonej w stosunku do orygina\u0142u.<\/p>\n<p>W rezultacie nasza firma stworzy\u0142a od podstaw system rejestracji stan\u00f3w alarmowych, gotowy do zainstalowania na wszystkich statkach, korzystaj\u0105cych z systemu\u00a0<strong>DECCA ISIS 100\/200<\/strong>\u00a0o niezawodno\u015bci przewy\u017cszaj\u0105cej pracuj\u0105ce od blisko \u0107wier\u0107wiecza modu\u0142y wytworzone przez producenta systemu.[\/vc_column_text][\/vc_column][\/vc_row]<\/p>\n","protected":false},"excerpt":{"rendered":"<p>[vc_row rt_row_background_width=&#8221;default&#8221; rt_row_style=&#8221;default-style&#8221; rt_row_borders=&#8221;&#8221; rt_row_paddings=&#8221;true&#8221; rt_bg_effect=&#8221;classic&#8221; rt_bg_image_repeat=&#8221;repeat&#8221; rt_bg_size=&#8221;cover&#8221; rt_bg_position=&#8221;center top&#8221; rt_bg_attachment=&#8221;scroll&#8221; rt_bg_video_format=&#8221;self-hosted&#8221; rt_bg_color=&#8221;#f6f6f6&#8243;][vc_column rt_bg_image_repeat=&#8221;repeat&#8221; rt_bg_size=&#8221;auto auto&#8221; rt_bg_attachment=&#8221;scroll&#8221;][\/vc_column][\/vc_row][vc_row rt_row_background_width=&#8221;default&#8221; rt_row_style=&#8221;default-style&#8221; rt_row_borders=&#8221;&#8221; rt_grid=&#8221;true&#8221; rt_row_paddings=&#8221;true&#8221; rt_bg_effect=&#8221;classic&#8221; rt_bg_image_repeat=&#8221;repeat&#8221; rt_bg_size=&#8221;cover&#8221; rt_bg_position=&#8221;right top&#8221; rt_bg_attachment=&#8221;scroll&#8221; rt_bg_video_format=&#8221;self-hosted&#8221;][vc_column rt_bg_image_repeat=&#8221;repeat&#8221; rt_bg_size=&#8221;auto auto&#8221; rt_bg_attachment=&#8221;scroll&#8221;][vc_single_image image=&#8221;4175&#8243; img_size=&#8221;medium&#8221; alignment=&#8221;center&#8221; onclick=&#8221;link_image&#8221; css_animation=&#8221;right-to-left&#8221;][vc_column_text css_animation=&#8221;left-to-right&#8221;]Decca Isis 100\u00a0oraz\u00a0Decca Isis 200\u00a0to systemy sygnalizacji pracy urz\u0105dze\u0144 dzia\u0142aj\u0105cych w si\u0142owni okr\u0119towej. W ich sk\u0142ad wchodz\u0105 [&hellip;]<\/p>\n","protected":false},"author":1,"featured_media":0,"parent":4406,"menu_order":0,"comment_status":"closed","ping_status":"closed","template":"","meta":{"footnotes":""},"class_list":["post-4058","page","type-page","status-publish","hentry"],"jetpack_sharing_enabled":true,"_links":{"self":[{"href":"https:\/\/marel-service.com\/pl\/wp-json\/wp\/v2\/pages\/4058","targetHints":{"allow":["GET"]}}],"collection":[{"href":"https:\/\/marel-service.com\/pl\/wp-json\/wp\/v2\/pages"}],"about":[{"href":"https:\/\/marel-service.com\/pl\/wp-json\/wp\/v2\/types\/page"}],"author":[{"embeddable":true,"href":"https:\/\/marel-service.com\/pl\/wp-json\/wp\/v2\/users\/1"}],"replies":[{"embeddable":true,"href":"https:\/\/marel-service.com\/pl\/wp-json\/wp\/v2\/comments?post=4058"}],"version-history":[{"count":3,"href":"https:\/\/marel-service.com\/pl\/wp-json\/wp\/v2\/pages\/4058\/revisions"}],"predecessor-version":[{"id":4180,"href":"https:\/\/marel-service.com\/pl\/wp-json\/wp\/v2\/pages\/4058\/revisions\/4180"}],"up":[{"embeddable":true,"href":"https:\/\/marel-service.com\/pl\/wp-json\/wp\/v2\/pages\/4406"}],"wp:attachment":[{"href":"https:\/\/marel-service.com\/pl\/wp-json\/wp\/v2\/media?parent=4058"}],"curies":[{"name":"wp","href":"https:\/\/api.w.org\/{rel}","templated":true}]}}