{"id":4079,"date":"2016-09-05T10:48:32","date_gmt":"2016-09-05T08:48:32","guid":{"rendered":"http:\/\/marel-service.com\/en\/?page_id=4079"},"modified":"2019-06-03T15:13:52","modified_gmt":"2019-06-03T13:13:52","slug":"pompa-siemens","status":"publish","type":"page","link":"https:\/\/marel-service.com\/pl\/projekty\/automatyka-morska\/pompa-siemens\/","title":{"rendered":"Przebudowa systemu automatyki pomp Siemens E53153-A1620-L1"},"content":{"rendered":"<p>[vc_row rt_row_background_width=&#8221;default&#8221; rt_row_style=&#8221;default-style&#8221; rt_row_borders=&#8221;&#8221; rt_row_paddings=&#8221;true&#8221; rt_bg_effect=&#8221;classic&#8221; rt_bg_image_repeat=&#8221;repeat&#8221; rt_bg_size=&#8221;cover&#8221; rt_bg_position=&#8221;center top&#8221; rt_bg_attachment=&#8221;scroll&#8221; rt_bg_video_format=&#8221;self-hosted&#8221; rt_bg_color=&#8221;#f6f6f6&#8243;][vc_column rt_bg_image_repeat=&#8221;repeat&#8221; rt_bg_size=&#8221;auto auto&#8221; rt_bg_attachment=&#8221;scroll&#8221;]<div class=\"rt_heading_wrapper style-1\">\n\t\t\t\t\t\t\n\t\t\t\t\t\t<h1 class=\"rt_heading  style-1\" >Przebudowa systemu automatyki pomp Siemens E53153-A1620-L1<\/h1>\n\t\t\t\t\t<\/div>[\/vc_column][\/vc_row][vc_row rt_row_background_width=&#8221;default&#8221; rt_row_style=&#8221;default-style&#8221; rt_row_borders=&#8221;&#8221; rt_row_paddings=&#8221;true&#8221; rt_bg_effect=&#8221;classic&#8221; rt_bg_image_repeat=&#8221;repeat&#8221; rt_bg_size=&#8221;cover&#8221; rt_bg_position=&#8221;right top&#8221; rt_bg_attachment=&#8221;scroll&#8221; rt_bg_video_format=&#8221;self-hosted&#8221;][vc_column rt_bg_image_repeat=&#8221;repeat&#8221; rt_bg_size=&#8221;auto auto&#8221; rt_bg_attachment=&#8221;scroll&#8221;][vc_column_text css_animation=&#8221;left-to-right&#8221;]Uk\u0142ad automatycznego sterowania prac\u0105 pomp silnik\u00f3w g\u0142\u00f3wnego i pomocniczego <strong>Siemens E53153-1620-L1<\/strong> stanowi\u0142 rozwi\u0105zanie zastosowane na wielu jednostkach p\u0142ywaj\u0105cych (w tym na du\u017cej serii statk\u00f3w P\u017bM). Jest on znany ze swej niezawodno\u015bci i gwarantuje d\u0142ug\u0105, bezawaryjn\u0105 prac\u0119. System odpowiedzialny jest za kontrol\u0119 pracy wszystkich pomp silnika g\u0142\u00f3wnego i pomocniczego.[\/vc_column_text]\t \n\t\t<div  class=\"border_grid photo_gallery \" data-rt-animate=\"animate\" data-rt-animation-type=\"fadeInDown\">\n\t\t\t<div class=\"row fixed_heights\">\n\t\t<div  class=\"col col-sm-3 col-xs-12 \"> \t\t\n \t\t\t<a id=\"lightbox-986076\" class=\"zoom lightbox_ imgeffect\" data-group=\"151357\" title=\"\" data-title=\"\" data-description=\"\" data-thumbnail=\"https:\/\/i0.wp.com\/marel-service.com\/pl\/wp-content\/uploads\/sites\/11\/2016\/09\/IMG_5108-75x50.jpg\" data-thumbTooltip=\"\" data-scaleUp=\"\" data-href=\"\" data-width=\"\" data-height=\"\" data-flashHasPriority=\"\" data-poster=\"\" data-autoplay=\"\" data-audiotitle=\"\" href=\"https:\/\/i0.wp.com\/marel-service.com\/pl\/wp-content\/uploads\/sites\/11\/2016\/09\/IMG_5108.jpg\" ><img decoding=\"async\" src=\"https:\/\/i0.wp.com\/marel-service.com\/pl\/wp-content\/uploads\/sites\/11\/2016\/09\/IMG_5108-480x480.jpg\" alt=\"\" class=\"img-responsive\"><\/a>\n \t\t\t\n\t\t<\/div>\n\t\n\t\t<div  class=\"col col-sm-3 col-xs-12 \"> \t\t\n \t\t\t<a id=\"lightbox-577253\" class=\"zoom lightbox_ imgeffect\" data-group=\"151357\" title=\"\" data-title=\"\" data-description=\"\" data-thumbnail=\"https:\/\/i0.wp.com\/marel-service.com\/pl\/wp-content\/uploads\/sites\/11\/2016\/09\/IMG_5105-75x50.jpg\" data-thumbTooltip=\"\" data-scaleUp=\"\" data-href=\"\" data-width=\"\" data-height=\"\" data-flashHasPriority=\"\" data-poster=\"\" data-autoplay=\"\" data-audiotitle=\"\" href=\"https:\/\/i0.wp.com\/marel-service.com\/pl\/wp-content\/uploads\/sites\/11\/2016\/09\/IMG_5105.jpg\" ><img decoding=\"async\" src=\"https:\/\/i0.wp.com\/marel-service.com\/pl\/wp-content\/uploads\/sites\/11\/2016\/09\/IMG_5105-480x480.jpg\" alt=\"\" class=\"img-responsive\"><\/a>\n \t\t\t\n\t\t<\/div>\n\t\n\t\t<div  class=\"col col-sm-3 col-xs-12 \"> \t\t\n \t\t\t<a id=\"lightbox-295751\" class=\"zoom lightbox_ imgeffect\" data-group=\"151357\" title=\"\" data-title=\"\" data-description=\"\" data-thumbnail=\"https:\/\/i0.wp.com\/marel-service.com\/pl\/wp-content\/uploads\/sites\/11\/2016\/09\/IMG_5094-75x50.jpg\" data-thumbTooltip=\"\" data-scaleUp=\"\" data-href=\"\" data-width=\"\" data-height=\"\" data-flashHasPriority=\"\" data-poster=\"\" data-autoplay=\"\" data-audiotitle=\"\" href=\"https:\/\/i0.wp.com\/marel-service.com\/pl\/wp-content\/uploads\/sites\/11\/2016\/09\/IMG_5094.jpg\" ><img decoding=\"async\" src=\"https:\/\/i0.wp.com\/marel-service.com\/pl\/wp-content\/uploads\/sites\/11\/2016\/09\/IMG_5094-480x480.jpg\" alt=\"\" class=\"img-responsive\"><\/a>\n \t\t\t\n\t\t<\/div>\n\t\n\t\t<div  class=\"col col-sm-3 col-xs-12 \"> \t\t\n \t\t\t<a id=\"lightbox-819904\" class=\"zoom lightbox_ imgeffect\" data-group=\"151357\" title=\"\" data-title=\"\" data-description=\"\" data-thumbnail=\"https:\/\/i0.wp.com\/marel-service.com\/pl\/wp-content\/uploads\/sites\/11\/2016\/09\/IMG_5093-75x50.jpg\" data-thumbTooltip=\"\" data-scaleUp=\"\" data-href=\"\" data-width=\"\" data-height=\"\" data-flashHasPriority=\"\" data-poster=\"\" data-autoplay=\"\" data-audiotitle=\"\" href=\"https:\/\/i0.wp.com\/marel-service.com\/pl\/wp-content\/uploads\/sites\/11\/2016\/09\/IMG_5093.jpg\" ><img decoding=\"async\" src=\"https:\/\/i0.wp.com\/marel-service.com\/pl\/wp-content\/uploads\/sites\/11\/2016\/09\/IMG_5093-480x480.jpg\" alt=\"\" class=\"img-responsive\"><\/a>\n \t\t\t\n\t\t<\/div>\n\t<\/div>\n\t\t<\/div>\n\t[\/vc_column][\/vc_row][vc_row rt_row_background_width=&#8221;default&#8221; rt_row_style=&#8221;default-style&#8221; rt_row_borders=&#8221;&#8221; rt_grid=&#8221;true&#8221; rt_row_paddings=&#8221;true&#8221; rt_bg_effect=&#8221;classic&#8221; rt_bg_image_repeat=&#8221;repeat&#8221; rt_bg_size=&#8221;cover&#8221; rt_bg_position=&#8221;right top&#8221; rt_bg_attachment=&#8221;scroll&#8221; rt_bg_video_format=&#8221;self-hosted&#8221;][vc_column rt_bg_image_repeat=&#8221;repeat&#8221; rt_bg_size=&#8221;auto auto&#8221; rt_bg_attachment=&#8221;scroll&#8221;][vc_column_text css_animation=&#8221;left-to-right&#8221;]Jego zadaniem jest automatyczne prze\u0142\u0105czanie pomp w trakcie pracy silnik\u00f3w oraz sygnalizacja uszkodze\u0144. System uwzgl\u0119dnia zjawisko histerezy dzi\u0119ki zaimplementowanemu mechanizmowi opartemu o zw\u0142oki czasowe.[\/vc_column_text][vc_column_text css_animation=&#8221;left-to-right&#8221; css=&#8221;.vc_custom_1473945745237{border-radius: 15px !important;}&#8221;]System, zainstalowany na wielu okr\u0119tach, radzi\u0142 sobie doskonale przez dziesi\u0105tki lat.\u00a0 Jednak wiadomo, i\u017c praktycznie niemo\u017cliwa jest skuteczna, nieprzerwana praca dowolnego elektronicznego urz\u0105dzenia przez ca\u0142y, kilkudziesi\u0119cioletni okres eksploatacji statku. Kilka lat temu zacz\u0119to odnotowywa\u0107 rosn\u0105c\u0105 awaryjno\u015b\u0107 pracy systemu. Winne okaza\u0142y si\u0119 uszkodzone uk\u0142ady scalone u\u017cyte w uk\u0142adzie. Problem w tym, i\u017c po 30 latach Siemens dawno wycofa\u0142 si\u0119 z ich produkcji.<\/p>\n<p>Dla wszystkich oczywiste sta\u0142o si\u0119, i\u017c konieczna b\u0119dzie gruntowna przebudowa ca\u0142ego systemu automatyki. Nowy uk\u0142ad powinien by\u0107 tak samo precyzyjny i niezawodny jak orygina\u0142, a jednocze\u015bnie \u0142atwy w implementacji i &#8211; w razie ewentualnej awarii &#8211; umo\u017cliwiaj\u0105cy szybk\u0105 i bezproblemow\u0105 wymian\u0119 uszkodzonego modu\u0142u.<\/p>\n<p>Nasza firma podj\u0119\u0142a si\u0119 tego zadania.[\/vc_column_text][vc_row_inner rt_row_style=&#8221;global-style&#8221;][vc_column_inner width=&#8221;1\/2&#8243; rt_bg_image_repeat=&#8221;repeat&#8221; rt_bg_size=&#8221;auto auto&#8221; rt_bg_attachment=&#8221;scroll&#8221;][vc_single_image image=&#8221;4169&#8243; img_size=&#8221;medium&#8221; alignment=&#8221;center&#8221; onclick=&#8221;link_image&#8221; css_animation=&#8221;left-to-right&#8221;][\/vc_column_inner][vc_column_inner width=&#8221;1\/2&#8243; rt_bg_image_repeat=&#8221;repeat&#8221; rt_bg_size=&#8221;auto auto&#8221; rt_bg_attachment=&#8221;scroll&#8221;][vc_single_image image=&#8221;4168&#8243; img_size=&#8221;medium&#8221; alignment=&#8221;center&#8221; onclick=&#8221;link_image&#8221; css_animation=&#8221;right-to-left&#8221;][\/vc_column_inner][\/vc_row_inner][vc_empty_space height=&#8221;15px&#8221;][vc_column_text css_animation=&#8221;left-to-right&#8221;]Stworzyli\u015bmy system, oparty o reprogramowalny mikrokontroler. Zalet\u0105 takiego podej\u015bcia jest gwarantowana bardzo du\u017ca szybko\u015b\u0107 dzia\u0142ania, a tak\u017ce mo\u017cliwo\u015b\u0107 \u0142atwego dostosowania systemu do nowych warunk\u00f3w pracy (orygina\u0142 nie dawa\u0142 takiej mo\u017cliwo\u015bci). U\u017cycie mikroprocesora umo\u017cliwi\u0142o tak\u017ce bardzo \u0142atw\u0105 kontrol\u0119 pracy urz\u0105dzenia &#8211; komunikacja z u\u017cytkownikiem odbywa si\u0119 poprzez do\u0142\u0105czany ekran LCD. Natomiast kalibracja, testowanie, czy wr\u0119cz wymiana ca\u0142ego modu\u0142u na nowy pomy\u015blana zosta\u0142a w tak prosty spos\u00f3b, i\u017c podj\u0105\u0107 si\u0119 mo\u017ce tego dowolny cz\u0142onek za\u0142ogi statku-bez potrzeby wzywania specjalistycznego serwisu. Jednak najwi\u0119ksz\u0105 zalet\u0105 systemu opartego o uk\u0142ady MAREL MAER-01 jest relatywnie niski koszt implementacji. Nie wymaga on \u017cadnych zmian w konstrukcji panelu sterowania, wymiany okablowania, czy si\u0142ownik\u00f3w. Dzi\u0119ki pe\u0142nej kompatybilno\u015bci z modu\u0142ami <strong>Siemens E53153-A1620-L1<\/strong> jedyn\u0105 wymagan\u0105 czynno\u015bci\u0105 jest instalacja i kalibracja p\u0142ytek MAREL MAP-01 w miejscu pracy starych uk\u0142ad\u00f3w.[\/vc_column_text][vc_column_text css_animation=&#8221;left-to-right&#8221;]W efekcie firma MAREL opracowa\u0142a kompletny, modu\u0142owy system sterowania automatyk\u0105 pomp b\u0119d\u0105cy, z punktu widzenia eksploatacji statku, rozwi\u0105zaniem du\u017co lepszym ni\u017c uk\u0142ady stosowane wcze\u015bniej. System zaimplementowano \u0142\u0105cznie na czterech statkach, korzystaj\u0105cych wcze\u015bniej z uk\u0142adu <strong>Siemens E53153-A1620-L1<\/strong>.[\/vc_column_text][\/vc_column][\/vc_row]<\/p>\n","protected":false},"excerpt":{"rendered":"<p>[vc_row rt_row_background_width=&#8221;default&#8221; rt_row_style=&#8221;default-style&#8221; rt_row_borders=&#8221;&#8221; rt_row_paddings=&#8221;true&#8221; rt_bg_effect=&#8221;classic&#8221; rt_bg_image_repeat=&#8221;repeat&#8221; rt_bg_size=&#8221;cover&#8221; rt_bg_position=&#8221;center top&#8221; rt_bg_attachment=&#8221;scroll&#8221; rt_bg_video_format=&#8221;self-hosted&#8221; rt_bg_color=&#8221;#f6f6f6&#8243;][vc_column rt_bg_image_repeat=&#8221;repeat&#8221; rt_bg_size=&#8221;auto auto&#8221; rt_bg_attachment=&#8221;scroll&#8221;][\/vc_column][\/vc_row][vc_row rt_row_background_width=&#8221;default&#8221; rt_row_style=&#8221;default-style&#8221; rt_row_borders=&#8221;&#8221; rt_row_paddings=&#8221;true&#8221; rt_bg_effect=&#8221;classic&#8221; rt_bg_image_repeat=&#8221;repeat&#8221; rt_bg_size=&#8221;cover&#8221; rt_bg_position=&#8221;right top&#8221; rt_bg_attachment=&#8221;scroll&#8221; rt_bg_video_format=&#8221;self-hosted&#8221;][vc_column rt_bg_image_repeat=&#8221;repeat&#8221; rt_bg_size=&#8221;auto auto&#8221; rt_bg_attachment=&#8221;scroll&#8221;][vc_column_text css_animation=&#8221;left-to-right&#8221;]Uk\u0142ad automatycznego sterowania prac\u0105 pomp silnik\u00f3w g\u0142\u00f3wnego i pomocniczego Siemens E53153-1620-L1 stanowi\u0142 rozwi\u0105zanie zastosowane na wielu jednostkach p\u0142ywaj\u0105cych (w tym na du\u017cej serii [&hellip;]<\/p>\n","protected":false},"author":1,"featured_media":0,"parent":4406,"menu_order":0,"comment_status":"closed","ping_status":"closed","template":"","meta":{"footnotes":""},"class_list":["post-4079","page","type-page","status-publish","hentry"],"jetpack_sharing_enabled":true,"_links":{"self":[{"href":"https:\/\/marel-service.com\/pl\/wp-json\/wp\/v2\/pages\/4079","targetHints":{"allow":["GET"]}}],"collection":[{"href":"https:\/\/marel-service.com\/pl\/wp-json\/wp\/v2\/pages"}],"about":[{"href":"https:\/\/marel-service.com\/pl\/wp-json\/wp\/v2\/types\/page"}],"author":[{"embeddable":true,"href":"https:\/\/marel-service.com\/pl\/wp-json\/wp\/v2\/users\/1"}],"replies":[{"embeddable":true,"href":"https:\/\/marel-service.com\/pl\/wp-json\/wp\/v2\/comments?post=4079"}],"version-history":[{"count":3,"href":"https:\/\/marel-service.com\/pl\/wp-json\/wp\/v2\/pages\/4079\/revisions"}],"predecessor-version":[{"id":4190,"href":"https:\/\/marel-service.com\/pl\/wp-json\/wp\/v2\/pages\/4079\/revisions\/4190"}],"up":[{"embeddable":true,"href":"https:\/\/marel-service.com\/pl\/wp-json\/wp\/v2\/pages\/4406"}],"wp:attachment":[{"href":"https:\/\/marel-service.com\/pl\/wp-json\/wp\/v2\/media?parent=4079"}],"curies":[{"name":"wp","href":"https:\/\/api.w.org\/{rel}","templated":true}]}}