{"id":4120,"date":"2016-09-05T15:44:45","date_gmt":"2016-09-05T13:44:45","guid":{"rendered":"http:\/\/marel-service.com\/en\/?page_id=4120"},"modified":"2016-10-07T12:37:55","modified_gmt":"2016-10-07T10:37:55","slug":"spalona-centrala","status":"publish","type":"page","link":"https:\/\/marel-service.com\/pl\/projekty\/spalona-centrala\/","title":{"rendered":"Odrestaurowanie spalonej centrali sygnalizacji si\u0142owni DECCA ISIS"},"content":{"rendered":"<p>[vc_row rt_row_background_width=&#8221;default&#8221; rt_row_style=&#8221;default-style&#8221; rt_row_borders=&#8221;&#8221; rt_row_paddings=&#8221;true&#8221; rt_bg_effect=&#8221;classic&#8221; rt_bg_image_repeat=&#8221;repeat&#8221; rt_bg_size=&#8221;cover&#8221; rt_bg_position=&#8221;center top&#8221; rt_bg_attachment=&#8221;scroll&#8221; rt_bg_video_format=&#8221;self-hosted&#8221; rt_bg_color=&#8221;#f6f6f6&#8243;][vc_column rt_bg_image_repeat=&#8221;repeat&#8221; rt_bg_size=&#8221;auto auto&#8221; rt_bg_attachment=&#8221;scroll&#8221;]<div class=\"rt_heading_wrapper style-1\">\n\t\t\t\t\t\t\n\t\t\t\t\t\t<h1 class=\"rt_heading  style-1\" >Odrestaurowanie spalonej centrali sygnalizacji si\u0142owni DECCA ISIS<\/h1>\n\t\t\t\t\t<\/div>[\/vc_column][\/vc_row][vc_row rt_row_background_width=&#8221;default&#8221; rt_row_style=&#8221;default-style&#8221; rt_row_borders=&#8221;&#8221; rt_grid=&#8221;true&#8221; rt_row_paddings=&#8221;true&#8221; rt_bg_effect=&#8221;classic&#8221; rt_bg_image_repeat=&#8221;repeat&#8221; rt_bg_size=&#8221;cover&#8221; rt_bg_position=&#8221;right top&#8221; rt_bg_attachment=&#8221;scroll&#8221; rt_bg_video_format=&#8221;self-hosted&#8221;][vc_column rt_bg_image_repeat=&#8221;repeat&#8221; rt_bg_size=&#8221;auto auto&#8221; rt_bg_attachment=&#8221;scroll&#8221;][vc_column_text css_animation=&#8221;left-to-right&#8221;]Kilka lat temu na jednym z polskich statk\u00f3w w centrum sterowania si\u0142owni okr\u0119towej wybuch\u0142 po\u017car. W efekcie ca\u0142y panel stanowi\u0105cy centrum sygnalizacji pracy si\u0142owni uleg\u0142 niemal doszcz\u0119tnemu spaleniu.[\/vc_column_text][vc_single_image image=&#8221;4201&#8243; img_size=&#8221;medium&#8221; alignment=&#8221;center&#8221; onclick=&#8221;link_image&#8221; css_animation=&#8221;right-to-left&#8221;][vc_column_text css_animation=&#8221;left-to-right&#8221;]Firma MAREL SERWIS podj\u0119\u0142a si\u0119 naprawy spalonej centrali. Zadanie nie by\u0142o proste. Wi\u0105za\u0142o si\u0119 bowiem ze szczeg\u00f3\u0142owym zbadaniem pracy ka\u017cdego uk\u0142adu wchodz\u0105cego w sk\u0142ad centrum sterowania, a nast\u0119pnie z ich napraw\u0105, b\u0105d\u017a wr\u0119cz wykonaniem nienaprawialnych uk\u0142ad\u00f3w od nowa. Nale\u017cy przy tym pami\u0119ta\u0107, i\u017c w sk\u0142ad systemu DECCA wchodz\u0105 uk\u0142ady sterowania wieloma modu\u0142ami takimi jak syreny alarmowe, \u015bwiat\u0142a, a tak\u017ce rejestratory stan\u00f3w alarmowych. Komunikuj\u0105 si\u0119 one bezpo\u015brednio z ka\u017cdym urz\u0105dzeniem pracuj\u0105cym w si\u0142owni statku.[\/vc_column_text][vc_row_inner rt_row_style=&#8221;global-style&#8221;][vc_column_inner width=&#8221;1\/3&#8243; rt_bg_image_repeat=&#8221;repeat&#8221; rt_bg_size=&#8221;auto auto&#8221; rt_bg_attachment=&#8221;scroll&#8221;][vc_single_image image=&#8221;4202&#8243; img_size=&#8221;medium&#8221; alignment=&#8221;center&#8221; onclick=&#8221;link_image&#8221; css_animation=&#8221;left-to-right&#8221;][\/vc_column_inner][vc_column_inner width=&#8221;1\/3&#8243; rt_bg_image_repeat=&#8221;repeat&#8221; rt_bg_size=&#8221;auto auto&#8221; rt_bg_attachment=&#8221;scroll&#8221;][vc_single_image image=&#8221;4200&#8243; img_size=&#8221;medium&#8221; alignment=&#8221;center&#8221; onclick=&#8221;link_image&#8221; css_animation=&#8221;appear&#8221;][\/vc_column_inner][vc_column_inner width=&#8221;1\/3&#8243; rt_bg_image_repeat=&#8221;repeat&#8221; rt_bg_size=&#8221;auto auto&#8221; rt_bg_attachment=&#8221;scroll&#8221;][vc_single_image image=&#8221;4199&#8243; img_size=&#8221;medium&#8221; alignment=&#8221;center&#8221; onclick=&#8221;link_image&#8221; css_animation=&#8221;right-to-left&#8221;][\/vc_column_inner][\/vc_row_inner][vc_column_text css_animation=&#8221;left-to-right&#8221; css=&#8221;.vc_custom_1474278780367{border-radius: 15px !important;}&#8221;]Mimo, i\u017c w pierwszej chwili konieczna wydawa\u0142a si\u0119 wymiana zniszczonej centrali na now\u0105, firmie MAREL SERWIS uda\u0142o si\u0119, na drodze analizy uk\u0142ad\u00f3w elektrycznych, odzyska\u0107 ka\u017cdy uszkodzony modu\u0142. Elementy zupe\u0142nie spalone &#8211; i przez to nie nadaj\u0105ce si\u0119 do naprawy &#8211; zosta\u0142y stworzone od podstaw, w oparciu o statkow\u0105 dokumentacj\u0119 i wz\u00f3r w postaci dzia\u0142aj\u0105cych modu\u0142\u00f3w. Ca\u0142o\u015b\u0107 naprawy wi\u0105za\u0142a si\u0119 z kosztami wielokrotnie ni\u017cszymi ni\u017c zakup nowego centrum sygnalizacji. R\u00f3wnie\u017c czas naprawy systemu by\u0142 du\u017co ni\u017cszy ni\u017c czas potencjalnego oczekiwania na zamontowanie nowej, zam\u00f3wionej u producenta centrali.[\/vc_column_text][vc_single_image image=&#8221;4198&#8243; img_size=&#8221;medium&#8221; alignment=&#8221;center&#8221; onclick=&#8221;link_image&#8221; css_animation=&#8221;appear&#8221;][\/vc_column][\/vc_row][vc_row rt_row_background_width=&#8221;default&#8221; rt_row_style=&#8221;default-style&#8221; rt_row_borders=&#8221;&#8221; rt_row_paddings=&#8221;true&#8221; rt_bg_effect=&#8221;classic&#8221; rt_bg_image_repeat=&#8221;repeat&#8221; rt_bg_size=&#8221;cover&#8221; rt_bg_position=&#8221;right top&#8221; rt_bg_attachment=&#8221;scroll&#8221; rt_bg_video_format=&#8221;self-hosted&#8221;][vc_column rt_bg_image_repeat=&#8221;repeat&#8221; rt_bg_size=&#8221;auto auto&#8221; rt_bg_attachment=&#8221;scroll&#8221;][\/vc_column][\/vc_row]<\/p>\n","protected":false},"excerpt":{"rendered":"<p>[vc_row rt_row_background_width=&#8221;default&#8221; rt_row_style=&#8221;default-style&#8221; rt_row_borders=&#8221;&#8221; rt_row_paddings=&#8221;true&#8221; rt_bg_effect=&#8221;classic&#8221; rt_bg_image_repeat=&#8221;repeat&#8221; rt_bg_size=&#8221;cover&#8221; rt_bg_position=&#8221;center top&#8221; rt_bg_attachment=&#8221;scroll&#8221; rt_bg_video_format=&#8221;self-hosted&#8221; rt_bg_color=&#8221;#f6f6f6&#8243;][vc_column rt_bg_image_repeat=&#8221;repeat&#8221; rt_bg_size=&#8221;auto auto&#8221; rt_bg_attachment=&#8221;scroll&#8221;][\/vc_column][\/vc_row][vc_row rt_row_background_width=&#8221;default&#8221; rt_row_style=&#8221;default-style&#8221; rt_row_borders=&#8221;&#8221; rt_grid=&#8221;true&#8221; rt_row_paddings=&#8221;true&#8221; rt_bg_effect=&#8221;classic&#8221; rt_bg_image_repeat=&#8221;repeat&#8221; rt_bg_size=&#8221;cover&#8221; rt_bg_position=&#8221;right top&#8221; rt_bg_attachment=&#8221;scroll&#8221; rt_bg_video_format=&#8221;self-hosted&#8221;][vc_column rt_bg_image_repeat=&#8221;repeat&#8221; rt_bg_size=&#8221;auto auto&#8221; rt_bg_attachment=&#8221;scroll&#8221;][vc_column_text css_animation=&#8221;left-to-right&#8221;]Kilka lat temu na jednym z polskich statk\u00f3w w centrum sterowania si\u0142owni okr\u0119towej wybuch\u0142 po\u017car. W efekcie ca\u0142y panel stanowi\u0105cy centrum sygnalizacji [&hellip;]<\/p>\n","protected":false},"author":1,"featured_media":0,"parent":4096,"menu_order":0,"comment_status":"closed","ping_status":"closed","template":"","meta":{"footnotes":""},"class_list":["post-4120","page","type-page","status-publish","hentry"],"jetpack_sharing_enabled":true,"_links":{"self":[{"href":"https:\/\/marel-service.com\/pl\/wp-json\/wp\/v2\/pages\/4120","targetHints":{"allow":["GET"]}}],"collection":[{"href":"https:\/\/marel-service.com\/pl\/wp-json\/wp\/v2\/pages"}],"about":[{"href":"https:\/\/marel-service.com\/pl\/wp-json\/wp\/v2\/types\/page"}],"author":[{"embeddable":true,"href":"https:\/\/marel-service.com\/pl\/wp-json\/wp\/v2\/users\/1"}],"replies":[{"embeddable":true,"href":"https:\/\/marel-service.com\/pl\/wp-json\/wp\/v2\/comments?post=4120"}],"version-history":[{"count":2,"href":"https:\/\/marel-service.com\/pl\/wp-json\/wp\/v2\/pages\/4120\/revisions"}],"predecessor-version":[{"id":4206,"href":"https:\/\/marel-service.com\/pl\/wp-json\/wp\/v2\/pages\/4120\/revisions\/4206"}],"up":[{"embeddable":true,"href":"https:\/\/marel-service.com\/pl\/wp-json\/wp\/v2\/pages\/4096"}],"wp:attachment":[{"href":"https:\/\/marel-service.com\/pl\/wp-json\/wp\/v2\/media?parent=4120"}],"curies":[{"name":"wp","href":"https:\/\/api.w.org\/{rel}","templated":true}]}}