{"id":4125,"date":"2016-09-06T09:43:18","date_gmt":"2016-09-06T07:43:18","guid":{"rendered":"http:\/\/marel-service.com\/en\/?page_id=4125"},"modified":"2019-06-03T15:13:38","modified_gmt":"2019-06-03T13:13:38","slug":"incofon-przekaznik","status":"publish","type":"page","link":"https:\/\/marel-service.com\/pl\/projekty\/automatyka-morska\/incofon-przekaznik\/","title":{"rendered":"Programowalny przeka\u017anik dla urz\u0105dzenia sygnalizuj\u0105cego INCOFON \u2013 opracowanie  i wdro\u017cenie"},"content":{"rendered":"<p>[vc_row rt_row_background_width=&#8221;default&#8221; rt_row_style=&#8221;default-style&#8221; rt_row_borders=&#8221;&#8221; rt_row_paddings=&#8221;true&#8221; rt_bg_effect=&#8221;classic&#8221; rt_bg_image_repeat=&#8221;repeat&#8221; rt_bg_size=&#8221;cover&#8221; rt_bg_position=&#8221;center top&#8221; rt_bg_attachment=&#8221;scroll&#8221; rt_bg_video_format=&#8221;self-hosted&#8221; rt_bg_color=&#8221;#f6f6f6&#8243;][vc_column rt_bg_image_repeat=&#8221;repeat&#8221; rt_bg_size=&#8221;auto auto&#8221; rt_bg_attachment=&#8221;scroll&#8221;]<div class=\"rt_heading_wrapper style-1\">\n\t\t\t\t\t\t\n\t\t\t\t\t\t<h1 class=\"rt_heading  style-1\" >Programowalny przeka\u017anik dla urz\u0105dzenia sygnalizuj\u0105cego INCOFON \u2013 opracowanie i wdro\u017cenie<\/h1>\n\t\t\t\t\t<\/div>[\/vc_column][\/vc_row][vc_row rt_row_background_width=&#8221;default&#8221; rt_row_style=&#8221;default-style&#8221; rt_row_borders=&#8221;&#8221; rt_grid=&#8221;true&#8221; rt_row_paddings=&#8221;true&#8221; rt_bg_effect=&#8221;classic&#8221; rt_bg_image_repeat=&#8221;repeat&#8221; rt_bg_size=&#8221;cover&#8221; rt_bg_position=&#8221;right top&#8221; rt_bg_attachment=&#8221;scroll&#8221; rt_bg_video_format=&#8221;self-hosted&#8221;][vc_column rt_bg_image_repeat=&#8221;repeat&#8221; rt_bg_size=&#8221;auto auto&#8221; rt_bg_attachment=&#8221;scroll&#8221;][vc_column_text css_animation=&#8221;left-to-right&#8221;]Zadaniem urz\u0105dzenia sygnalizacyjnego <strong>INCOFON<\/strong> jest wysy\u0142anie sygna\u0142\u00f3w \u015bwietlnych i akustycznych, cz\u0119sto z wykorzystaniem alfabetu Morse\u2019a, informuj\u0105cych o aktualnym kursie jednostki. Sygna\u0142y mog\u0119 by\u0107 nadawany w spos\u00f3b manualny lub automatyczny, zgodnie ze wcze\u015bniej zdefiniowanymi schematami. Niemal ka\u017cda jednostka na \u015bwiecie jest wyposa\u017cona w system <strong>INCOFON<\/strong>, lub jego odpowiednik.[\/vc_column_text][vc_single_image image=&#8221;4215&#8243; img_size=&#8221;medium&#8221; alignment=&#8221;center&#8221; onclick=&#8221;link_image&#8221; css_animation=&#8221;right-to-left&#8221;][vc_column_text css_animation=&#8221;left-to-right&#8221;]Urz\u0105dzenie pozwala na zaprogramowanie cz\u0119sto u\u017cywanych, lub szczeg\u00f3lnie istotnych wiadomo\u015bci (jak np. SOS) ,oraz na wys\u0142anie ich poprzez naci\u015bni\u0119cie odpowiedniego przycisku. Za t\u0119 funkcj\u0119 odpowiada modu\u0142 <strong>SMUN-1<\/strong>. Zbudowany w ca\u0142o\u015bci z cz\u0119\u015bci mechanicznych, uleg\u0142 ca\u0142kowitemu\u00a0 zu\u017cyciu, po wielu latach ci\u0105g\u0142ej pracy. Zdecydowano si\u0119 nie wymienia\u0107 modu\u0142u na nowy, z uwagi na jego ograniczon\u0105 trwa\u0142o\u015b\u0107, a zaprojektowa\u0107 nowe rozwi\u0105zanie.[\/vc_column_text][vc_row_inner rt_row_style=&#8221;global-style&#8221;][vc_column_inner rt_bg_image_repeat=&#8221;repeat&#8221; rt_bg_size=&#8221;auto auto&#8221; rt_bg_attachment=&#8221;scroll&#8221;][vc_single_image image=&#8221;4216&#8243; img_size=&#8221;medium&#8221; alignment=&#8221;center&#8221; onclick=&#8221;link_image&#8221; css_animation=&#8221;right-to-left&#8221;][\/vc_column_inner][\/vc_row_inner][vc_column_text css_animation=&#8221;left-to-right&#8221;]Serwisanci firmy Marel Serwis opracowali\u00a0 urz\u0105dzenie, w kt\u00f3rym zast\u0105piono mechanizmy krzywkowe i prze\u0142\u0105czniki mikrokontrolerem.\u00a0 \u00a0Styki zosta\u0142y zast\u0105pione modu\u0142em z czterema\u00a0przeka\u017anikami.[\/vc_column_text][vc_column_text css_animation=&#8221;left-to-right&#8221; css=&#8221;.vc_custom_1475836419959{border-radius: 15px !important;}&#8221;]W efekcie uzyskano modu\u0142 wielokrotnie bardziej wytrzyma\u0142y od pierwowzoru[\/vc_column_text][\/vc_column][\/vc_row]<\/p>\n","protected":false},"excerpt":{"rendered":"<p>[vc_row rt_row_background_width=&#8221;default&#8221; rt_row_style=&#8221;default-style&#8221; rt_row_borders=&#8221;&#8221; rt_row_paddings=&#8221;true&#8221; rt_bg_effect=&#8221;classic&#8221; rt_bg_image_repeat=&#8221;repeat&#8221; rt_bg_size=&#8221;cover&#8221; rt_bg_position=&#8221;center top&#8221; rt_bg_attachment=&#8221;scroll&#8221; rt_bg_video_format=&#8221;self-hosted&#8221; rt_bg_color=&#8221;#f6f6f6&#8243;][vc_column rt_bg_image_repeat=&#8221;repeat&#8221; rt_bg_size=&#8221;auto auto&#8221; rt_bg_attachment=&#8221;scroll&#8221;][\/vc_column][\/vc_row][vc_row rt_row_background_width=&#8221;default&#8221; rt_row_style=&#8221;default-style&#8221; rt_row_borders=&#8221;&#8221; rt_grid=&#8221;true&#8221; rt_row_paddings=&#8221;true&#8221; rt_bg_effect=&#8221;classic&#8221; rt_bg_image_repeat=&#8221;repeat&#8221; rt_bg_size=&#8221;cover&#8221; rt_bg_position=&#8221;right top&#8221; rt_bg_attachment=&#8221;scroll&#8221; rt_bg_video_format=&#8221;self-hosted&#8221;][vc_column rt_bg_image_repeat=&#8221;repeat&#8221; rt_bg_size=&#8221;auto auto&#8221; rt_bg_attachment=&#8221;scroll&#8221;][vc_column_text css_animation=&#8221;left-to-right&#8221;]Zadaniem urz\u0105dzenia sygnalizacyjnego INCOFON jest wysy\u0142anie sygna\u0142\u00f3w \u015bwietlnych i akustycznych, cz\u0119sto z wykorzystaniem alfabetu Morse\u2019a, informuj\u0105cych o aktualnym kursie jednostki. Sygna\u0142y mog\u0119 [&hellip;]<\/p>\n","protected":false},"author":1,"featured_media":0,"parent":4406,"menu_order":0,"comment_status":"closed","ping_status":"closed","template":"","meta":{"footnotes":""},"class_list":["post-4125","page","type-page","status-publish","hentry"],"jetpack_sharing_enabled":true,"_links":{"self":[{"href":"https:\/\/marel-service.com\/pl\/wp-json\/wp\/v2\/pages\/4125","targetHints":{"allow":["GET"]}}],"collection":[{"href":"https:\/\/marel-service.com\/pl\/wp-json\/wp\/v2\/pages"}],"about":[{"href":"https:\/\/marel-service.com\/pl\/wp-json\/wp\/v2\/types\/page"}],"author":[{"embeddable":true,"href":"https:\/\/marel-service.com\/pl\/wp-json\/wp\/v2\/users\/1"}],"replies":[{"embeddable":true,"href":"https:\/\/marel-service.com\/pl\/wp-json\/wp\/v2\/comments?post=4125"}],"version-history":[{"count":2,"href":"https:\/\/marel-service.com\/pl\/wp-json\/wp\/v2\/pages\/4125\/revisions"}],"predecessor-version":[{"id":4238,"href":"https:\/\/marel-service.com\/pl\/wp-json\/wp\/v2\/pages\/4125\/revisions\/4238"}],"up":[{"embeddable":true,"href":"https:\/\/marel-service.com\/pl\/wp-json\/wp\/v2\/pages\/4406"}],"wp:attachment":[{"href":"https:\/\/marel-service.com\/pl\/wp-json\/wp\/v2\/media?parent=4125"}],"curies":[{"name":"wp","href":"https:\/\/api.w.org\/{rel}","templated":true}]}}