{"id":4142,"date":"2016-09-06T10:17:20","date_gmt":"2016-09-06T08:17:20","guid":{"rendered":"http:\/\/marel-service.com\/en\/?page_id=4142"},"modified":"2019-06-03T15:13:45","modified_gmt":"2019-06-03T13:13:45","slug":"drzwi-wodoszczelne","status":"publish","type":"page","link":"https:\/\/marel-service.com\/pl\/projekty\/automatyka-morska\/drzwi-wodoszczelne\/","title":{"rendered":"Przebudowa systemu automatyki drzwi wodoszczelnych"},"content":{"rendered":"<p>[vc_row rt_row_background_width=&#8221;default&#8221; rt_row_style=&#8221;default-style&#8221; rt_row_borders=&#8221;&#8221; rt_row_paddings=&#8221;true&#8221; rt_bg_effect=&#8221;classic&#8221; rt_bg_image_repeat=&#8221;repeat&#8221; rt_bg_size=&#8221;cover&#8221; rt_bg_position=&#8221;center top&#8221; rt_bg_attachment=&#8221;scroll&#8221; rt_bg_video_format=&#8221;self-hosted&#8221; rt_bg_color=&#8221;#f6f6f6&#8243;][vc_column rt_bg_image_repeat=&#8221;repeat&#8221; rt_bg_size=&#8221;auto auto&#8221; rt_bg_attachment=&#8221;scroll&#8221;]<div class=\"rt_heading_wrapper style-1\">\n\t\t\t\t\t\t\n\t\t\t\t\t\t<h1 class=\"rt_heading  style-1\" >Przebudowa systemu automatyki drzwi wodoszczelnych<\/h1>\n\t\t\t\t\t<\/div>[\/vc_column][\/vc_row][vc_row rt_row_background_width=&#8221;default&#8221; rt_row_style=&#8221;default-style&#8221; rt_row_borders=&#8221;&#8221; rt_row_paddings=&#8221;true&#8221; rt_bg_effect=&#8221;classic&#8221; rt_bg_image_repeat=&#8221;repeat&#8221; rt_bg_size=&#8221;cover&#8221; rt_bg_position=&#8221;right top&#8221; rt_bg_attachment=&#8221;scroll&#8221; rt_bg_video_format=&#8221;self-hosted&#8221;][vc_column rt_bg_image_repeat=&#8221;repeat&#8221; rt_bg_size=&#8221;auto auto&#8221; rt_bg_attachment=&#8221;scroll&#8221;][vc_column_text css_animation=&#8221;left-to-right&#8221;]Grodzie wodoszczelne s\u0105 jednym z g\u0142\u00f3wnych element\u00f3w zwi\u0105zanych z bezpiecze\u0144stwem ka\u017cdej jednostki p\u0142ywaj\u0105cej. Separuj\u0105 one poszczeg\u00f3lne cz\u0119\u015bci kad\u0142uba tak, aby w przypadku pojawienia si\u0119 przecieku oddzieli\u0107 uszkodzon\u0105 sekcj\u0119 i uniemo\u017cliwi\u0107 zalanie statku na ca\u0142ej jego d\u0142ugo\u015bci. Grodzie zazwyczaj wyposa\u017cone s\u0105 w drzwi wodoszczelne pozwalaj\u0105ce za\u0142odze na przemieszczanie si\u0119 mi\u0119dzy odseparowanymi sekcjami.[\/vc_column_text][vc_single_image image=&#8221;4221&#8243; img_size=&#8221;400&#215;300&#8243; alignment=&#8221;center&#8221; onclick=&#8221;link_image&#8221; css_animation=&#8221;right-to-left&#8221;][vc_column_text css_animation=&#8221;left-to-right&#8221;]Armator postanowi\u0142 zwi\u0119kszy\u0107 bezpiecze\u0144stwo drzwi zamontowanych na swoich statkach poprzez podniesienie stopnia wodoszczelno\u015bci wszystkich element\u00f3w automatyki zwi\u0105zanych z tym uk\u0142adem.<\/p>\n<p>Firma MAREL Serwis podj\u0119\u0142\u0105 si\u0119 opracowania i zrealizowania przebudowy. Zadanie okaza\u0142o si\u0119 trudniejszem, ni\u017c mo\u017cna by\u0142o si\u0119 spodziewa\u0107. Wyzwaniem by\u0142o przede wszystkim znalezienie odpowiednik\u00f3w wszystkich czujnik\u00f3w, przycisk\u00f3w i sygnalizator\u00f3w, wykonanych w odpowiedniej technologii. Pami\u0119ta\u0107 nale\u017cy o tym, i\u017c nasze zadanie by\u0142o dalece bardziej wymagaj\u0105ce ni\u017c &#8222;zwyk\u0142e&#8221; zaprojektowanie oraz instalacja nowego systemu. Polega\u0142o ono bowiem na modyfikacji istniej\u0105cego uk\u0142au i dokonaniu zmian, przy u\u017cyciu element\u00f3w o najwy\u017cszym stopniu ochrony wodoszczelnej, kt\u00f3rych wymiary i parametry techniczne by\u0142yby praktycznie identyczne z cz\u0119\u015bciami zamontowanymi oryginalnie. Konieczne by\u0142o wprowadzenie korekt w uk\u0142adach elektrycznych, a na jednej z jednostek niezb\u0119dna okaza\u0142a si\u0119 wymiana wszystkich element\u00f3w elektronicznych, gdy\u017c stare nie pasowa\u0142y rozmiarami do nowej obudowy.[\/vc_column_text][vc_empty_space height=&#8221;50px&#8221;][vc_row_inner rt_row_style=&#8221;global-style&#8221;][vc_column_inner width=&#8221;1\/2&#8243; rt_bg_image_repeat=&#8221;repeat&#8221; rt_bg_size=&#8221;auto auto&#8221; rt_bg_attachment=&#8221;scroll&#8221;][vc_single_image image=&#8221;4219&#8243; img_size=&#8221;230&#215;360&#8243; alignment=&#8221;center&#8221; onclick=&#8221;link_image&#8221; css_animation=&#8221;left-to-right&#8221;][\/vc_column_inner][vc_column_inner width=&#8221;1\/2&#8243; rt_bg_image_repeat=&#8221;repeat&#8221; rt_bg_size=&#8221;auto auto&#8221; rt_bg_attachment=&#8221;scroll&#8221;][vc_single_image image=&#8221;4217&#8243; img_size=&#8221;large&#8221; alignment=&#8221;center&#8221; onclick=&#8221;link_image&#8221; css_animation=&#8221;right-to-left&#8221;][\/vc_column_inner][\/vc_row_inner][vc_row_inner rt_row_style=&#8221;global-style&#8221;][vc_column_inner rt_bg_image_repeat=&#8221;repeat&#8221; rt_bg_size=&#8221;auto auto&#8221; rt_bg_attachment=&#8221;scroll&#8221;][vc_empty_space height=&#8221;50px&#8221;][vc_column_text]Dodatkowe utrudnienie stanowi fakt, i\u017c nie wszystkie urz\u0105dzenia mia\u0142y swoje odpowiedniki wykonane w odpowiedniej technologii. Firma MAREL zmuszona by\u0142a wi\u0119c opracowa\u0107 w\u0142asne rozwi\u0105zania &#8211; w charakterze presostat\u00f3w wykorzystane zosta\u0142y cyfrowe przetworniki ci\u015bnienia, zmodyfikowane tak, aby mog\u0142y zast\u0105pi\u0107 klasyczne, binarne czujniki zamontowane uprzednio na jednostce. Wodoszczelnych zamiennik\u00f3w nie posiada\u0142y tak\u017ce cewki elektrozawor\u00f3w. Po zastosowaniu modyfikacji, zosta\u0142y one poddane badaniom w Gda\u0144skim Instytucie Elektrotechniki, potwierdzaj\u0105cym wymagany stopie\u0144 ochrony. Elementy sygnalizacyjne, takie jak montowane na \u015bcianach lampki zosta\u0142y zast\u0105pione przez diody LED, umieszczone w wodoodpornych obudowach. Podobnie rzecz mia\u0142a si\u0119 z przyciskami steruj\u0105cymi, umieszczonymi w kasetkach na \u015bcianie.[\/vc_column_text][vc_empty_space height=&#8221;50px&#8221;][\/vc_column_inner][\/vc_row_inner][vc_single_image image=&#8221;4222&#8243; img_size=&#8221;medium&#8221; alignment=&#8221;center&#8221; onclick=&#8221;link_image&#8221; css_animation=&#8221;appear&#8221;][vc_empty_space height=&#8221;50px&#8221;][vc_column_text css_animation=&#8221;left-to-right&#8221;]Przy tym wszystkim nale\u017cy zaznaczy\u0107 fakt, i\u017c prace musia\u0142y by\u0107 dokonane w kr\u00f3tkich, kilkugodzinnych przerwach mi\u0119dzy rejsami, bez mo\u017cliwo\u015bci wy\u0142\u0105czenia systemu na d\u0142u\u017cej, jako \u017ce statki pozostawa\u0142y w ci\u0105\u0142gej eksploatacji. Nie by\u0142o wi\u0119c miejsca na jakikolwiek b\u0142\u0105d[\/vc_column_text][\/vc_column][\/vc_row][vc_row rt_row_background_width=&#8221;default&#8221; rt_row_style=&#8221;default-style&#8221; rt_row_borders=&#8221;&#8221; rt_row_paddings=&#8221;true&#8221; rt_bg_effect=&#8221;classic&#8221; rt_bg_image_repeat=&#8221;repeat&#8221; rt_bg_size=&#8221;cover&#8221; rt_bg_position=&#8221;right top&#8221; rt_bg_attachment=&#8221;scroll&#8221; rt_bg_video_format=&#8221;self-hosted&#8221;][vc_column width=&#8221;1\/2&#8243; rt_bg_image_repeat=&#8221;repeat&#8221; rt_bg_size=&#8221;auto auto&#8221; rt_bg_attachment=&#8221;scroll&#8221;][vc_single_image image=&#8221;4218&#8243; img_size=&#8221;medium&#8221; alignment=&#8221;center&#8221; onclick=&#8221;link_image&#8221; css_animation=&#8221;appear&#8221;][\/vc_column][vc_column width=&#8221;1\/2&#8243; rt_bg_image_repeat=&#8221;repeat&#8221; rt_bg_size=&#8221;auto auto&#8221; rt_bg_attachment=&#8221;scroll&#8221;][vc_single_image image=&#8221;4220&#8243; img_size=&#8221;medium&#8221; alignment=&#8221;center&#8221; onclick=&#8221;link_image&#8221; css_animation=&#8221;appear&#8221;][\/vc_column][\/vc_row][vc_row rt_row_background_width=&#8221;default&#8221; rt_row_style=&#8221;default-style&#8221; rt_row_borders=&#8221;&#8221; rt_row_paddings=&#8221;true&#8221; rt_bg_effect=&#8221;classic&#8221; rt_bg_image_repeat=&#8221;repeat&#8221; rt_bg_size=&#8221;cover&#8221; rt_bg_position=&#8221;right top&#8221; rt_bg_attachment=&#8221;scroll&#8221; rt_bg_video_format=&#8221;self-hosted&#8221;][vc_column rt_bg_image_repeat=&#8221;repeat&#8221; rt_bg_size=&#8221;auto auto&#8221; rt_bg_attachment=&#8221;scroll&#8221;][vc_column_text css_animation=&#8221;left-to-right&#8221;]Ostatecznie przebudowa zako\u0144czy\u0142a si\u0119 pe\u0142nym sukcesem. Drzwi wodoszczelne zosta\u0142y zmodernizowane, zwi\u0119kszaj\u0105c w stopniu znacznym bezpiecze\u0144stwo jednostek p\u0142ywaj\u0105cych, przy zachowaniu relatywnie niskich koszt\u00f3w, w por\u00f3wnaniu z rozwi\u0105zaniami proponowanymi przez konkurencj\u0119.[\/vc_column_text][\/vc_column][\/vc_row]<\/p>\n","protected":false},"excerpt":{"rendered":"<p>[vc_row rt_row_background_width=&#8221;default&#8221; rt_row_style=&#8221;default-style&#8221; rt_row_borders=&#8221;&#8221; rt_row_paddings=&#8221;true&#8221; rt_bg_effect=&#8221;classic&#8221; rt_bg_image_repeat=&#8221;repeat&#8221; rt_bg_size=&#8221;cover&#8221; rt_bg_position=&#8221;center top&#8221; rt_bg_attachment=&#8221;scroll&#8221; rt_bg_video_format=&#8221;self-hosted&#8221; rt_bg_color=&#8221;#f6f6f6&#8243;][vc_column rt_bg_image_repeat=&#8221;repeat&#8221; rt_bg_size=&#8221;auto auto&#8221; rt_bg_attachment=&#8221;scroll&#8221;][\/vc_column][\/vc_row][vc_row rt_row_background_width=&#8221;default&#8221; rt_row_style=&#8221;default-style&#8221; rt_row_borders=&#8221;&#8221; rt_row_paddings=&#8221;true&#8221; rt_bg_effect=&#8221;classic&#8221; rt_bg_image_repeat=&#8221;repeat&#8221; rt_bg_size=&#8221;cover&#8221; rt_bg_position=&#8221;right top&#8221; rt_bg_attachment=&#8221;scroll&#8221; rt_bg_video_format=&#8221;self-hosted&#8221;][vc_column rt_bg_image_repeat=&#8221;repeat&#8221; rt_bg_size=&#8221;auto auto&#8221; rt_bg_attachment=&#8221;scroll&#8221;][vc_column_text css_animation=&#8221;left-to-right&#8221;]Grodzie wodoszczelne s\u0105 jednym z g\u0142\u00f3wnych element\u00f3w zwi\u0105zanych z bezpiecze\u0144stwem ka\u017cdej jednostki p\u0142ywaj\u0105cej. Separuj\u0105 one poszczeg\u00f3lne cz\u0119\u015bci kad\u0142uba tak, aby w przypadku pojawienia [&hellip;]<\/p>\n","protected":false},"author":1,"featured_media":0,"parent":4406,"menu_order":0,"comment_status":"closed","ping_status":"closed","template":"","meta":{"footnotes":""},"class_list":["post-4142","page","type-page","status-publish","hentry"],"jetpack_sharing_enabled":true,"_links":{"self":[{"href":"https:\/\/marel-service.com\/pl\/wp-json\/wp\/v2\/pages\/4142","targetHints":{"allow":["GET"]}}],"collection":[{"href":"https:\/\/marel-service.com\/pl\/wp-json\/wp\/v2\/pages"}],"about":[{"href":"https:\/\/marel-service.com\/pl\/wp-json\/wp\/v2\/types\/page"}],"author":[{"embeddable":true,"href":"https:\/\/marel-service.com\/pl\/wp-json\/wp\/v2\/users\/1"}],"replies":[{"embeddable":true,"href":"https:\/\/marel-service.com\/pl\/wp-json\/wp\/v2\/comments?post=4142"}],"version-history":[{"count":2,"href":"https:\/\/marel-service.com\/pl\/wp-json\/wp\/v2\/pages\/4142\/revisions"}],"predecessor-version":[{"id":4224,"href":"https:\/\/marel-service.com\/pl\/wp-json\/wp\/v2\/pages\/4142\/revisions\/4224"}],"up":[{"embeddable":true,"href":"https:\/\/marel-service.com\/pl\/wp-json\/wp\/v2\/pages\/4406"}],"wp:attachment":[{"href":"https:\/\/marel-service.com\/pl\/wp-json\/wp\/v2\/media?parent=4142"}],"curies":[{"name":"wp","href":"https:\/\/api.w.org\/{rel}","templated":true}]}}