{"id":4164,"date":"2016-09-06T10:48:30","date_gmt":"2016-09-06T08:48:30","guid":{"rendered":"http:\/\/marel-service.com\/en\/?page_id=4164"},"modified":"2019-06-03T15:14:00","modified_gmt":"2019-06-03T13:14:00","slug":"zalana-silownia","status":"publish","type":"page","link":"https:\/\/marel-service.com\/pl\/projekty\/automatyka-morska\/zalana-silownia\/","title":{"rendered":"Remont zalanej si\u0142owni okr\u0119towej na &#8222;M\/S Ko\u015bcierzyna&#8221;"},"content":{"rendered":"<p>[vc_row rt_row_background_width=&#8221;default&#8221; rt_row_style=&#8221;default-style&#8221; rt_row_borders=&#8221;&#8221; rt_row_paddings=&#8221;true&#8221; rt_bg_effect=&#8221;classic&#8221; rt_bg_image_repeat=&#8221;repeat&#8221; rt_bg_size=&#8221;cover&#8221; rt_bg_position=&#8221;center top&#8221; rt_bg_attachment=&#8221;scroll&#8221; rt_bg_video_format=&#8221;self-hosted&#8221; rt_bg_color=&#8221;#f6f6f6&#8243;][vc_column rt_bg_image_repeat=&#8221;repeat&#8221; rt_bg_size=&#8221;auto auto&#8221; rt_bg_attachment=&#8221;scroll&#8221;]<div class=\"rt_heading_wrapper style-1\">\n\t\t\t\t\t\t\n\t\t\t\t\t\t<h1 class=\"rt_heading  style-1\" >Remont zalanej si\u0142owni okr\u0119towej na &#8222;M\/S Ko\u015bcierzyna&#8221;<\/h1>\n\t\t\t\t\t<\/div>[\/vc_column][\/vc_row][vc_row rt_row_background_width=&#8221;default&#8221; rt_row_style=&#8221;default-style&#8221; rt_row_borders=&#8221;&#8221; rt_grid=&#8221;true&#8221; rt_row_paddings=&#8221;true&#8221; rt_bg_effect=&#8221;classic&#8221; rt_bg_image_repeat=&#8221;repeat&#8221; rt_bg_size=&#8221;cover&#8221; rt_bg_position=&#8221;right top&#8221; rt_bg_attachment=&#8221;scroll&#8221; rt_bg_video_format=&#8221;self-hosted&#8221;][vc_column rt_bg_image_repeat=&#8221;repeat&#8221; rt_bg_size=&#8221;auto auto&#8221; rt_bg_attachment=&#8221;scroll&#8221;][vc_column_text css_animation=&#8221;left-to-right&#8221;]W 1992 roku na Morzu Ba\u0142tyckim mia\u0142a miejsce powa\u017cna kolizja. W nocy, w trakcie rejsu, masowiec &#8222;M\/S Ko\u015bcierzyna&#8221; uderzy\u0142 z du\u017c\u0105 si\u0142\u0105 w inny statek. Wbi\u0142 si\u0119 dziobem w boczn\u0105 cz\u0119\u015b\u0107 statku, dewastuj\u0105c \u015bciany i zalewaj\u0105c praktycznie w ca\u0142o\u015bci si\u0142owni\u0119. Woda dosz\u0142a a\u017c do wysoko\u015bci biura pok\u0142adowego. Jedynie dzi\u0119ki bardzo szczelnym \u015bcianom \u0142adowni statek szcz\u0119\u015bliwie zawin\u0105\u0142 do najbli\u017cszego portu.[\/vc_column_text][vc_single_image image=&#8221;4227&#8243; img_size=&#8221;medium&#8221; alignment=&#8221;center&#8221; onclick=&#8221;link_image&#8221; css_animation=&#8221;right-to-left&#8221;][vc_column_text css_animation=&#8221;left-to-right&#8221;]Po osuszeniu i wst\u0119pnych ogl\u0119dzinach statku okaza\u0142o si\u0119, i\u017c konieczny b\u0119dzie remont generalny wi\u0119kszo\u015bci urz\u0105dze\u0144 pracuj\u0105cych w si\u0142owni, a tak\u017ce gruntowna naprawa panelu sterowania, centrali sygnalizacji alarmowej oraz g\u0142\u00f3wnej i awaryjnej tablicy rozdzielczej. Firma MAREL SERWIS wykona\u0142a lwi\u0105 cz\u0119\u015b\u0107 pracy na tym statku.[\/vc_column_text][vc_row_inner rt_row_style=&#8221;global-style&#8221;][vc_column_inner rt_bg_image_repeat=&#8221;repeat&#8221; rt_bg_size=&#8221;auto auto&#8221; rt_bg_attachment=&#8221;scroll&#8221; class=&#8221;picture-column&#8221;][vc_single_image image=&#8221;4228&#8243; img_size=&#8221;medium&#8221; alignment=&#8221;center&#8221; onclick=&#8221;link_image&#8221; css_animation=&#8221;right-to-left&#8221;][\/vc_column_inner][\/vc_row_inner][vc_column_text css_animation=&#8221;left-to-right&#8221; css=&#8221;.vc_custom_1474894659810{border-radius: 15px !important;}&#8221;]Nasza firma by\u0142a odpowiedzialna za kapitalny remont wi\u0119kszo\u015bci urz\u0105dze\u0144 si\u0142owni, a tak\u017ce przywr\u00f3cenie sprawno\u015bci centrali sygnalizacji alarmowej DECCA ISIS, w tym:<\/p>\n<ul>\n<li>Remont kapitalny automatyki klapy La Mont<\/li>\n<li>Remont kapitalny automatyki spalarki \u015bmieci<\/li>\n<li>Remont automatyki oczyszczalni \u015bciek\u00f3w<\/li>\n<li>Remont kapitalny automatyki odolejacza<\/li>\n<li>Remont systemu sygnalizacji poziom\u00f3w w systemie balastowym<\/li>\n<li>Naprawa automatyki hydroforowej<\/li>\n<li>Wymiana automatyki filtra paliwa<\/li>\n<li>Remont zadajnika rejestratora manewr\u00f3w<\/li>\n<li>Remont kapitalny automatyki silnika g\u0142\u00f3wnego<\/li>\n<li>Remont kapitalny automatyki silnika pomocniczego<\/li>\n<li>Remont kapitalny automatyki wir\u00f3wek paliwa i oleju<\/li>\n<li>Remont kapitalny automatyki spr\u0119\u017carek<\/li>\n<li>Remont kapitalny automatyki zmiany paliwa<\/li>\n<\/ul>\n<p>Po uko\u0144czeniu prac statek &#8222;M\/S Ko\u015bcierzyna&#8221; przeszed\u0142 wszystkie niezb\u0119dne atesty, a wi\u0119kszo\u015b\u0107 urz\u0105dze\u0144 naprawionych przez firm MAREL SERWIS pracuje po dzie\u0144 dzisiejszy.[\/vc_column_text][\/vc_column][\/vc_row]<\/p>\n","protected":false},"excerpt":{"rendered":"<p>[vc_row rt_row_background_width=&#8221;default&#8221; rt_row_style=&#8221;default-style&#8221; rt_row_borders=&#8221;&#8221; rt_row_paddings=&#8221;true&#8221; rt_bg_effect=&#8221;classic&#8221; rt_bg_image_repeat=&#8221;repeat&#8221; rt_bg_size=&#8221;cover&#8221; rt_bg_position=&#8221;center top&#8221; rt_bg_attachment=&#8221;scroll&#8221; rt_bg_video_format=&#8221;self-hosted&#8221; rt_bg_color=&#8221;#f6f6f6&#8243;][vc_column rt_bg_image_repeat=&#8221;repeat&#8221; rt_bg_size=&#8221;auto auto&#8221; rt_bg_attachment=&#8221;scroll&#8221;][\/vc_column][\/vc_row][vc_row rt_row_background_width=&#8221;default&#8221; rt_row_style=&#8221;default-style&#8221; rt_row_borders=&#8221;&#8221; rt_grid=&#8221;true&#8221; rt_row_paddings=&#8221;true&#8221; rt_bg_effect=&#8221;classic&#8221; rt_bg_image_repeat=&#8221;repeat&#8221; rt_bg_size=&#8221;cover&#8221; rt_bg_position=&#8221;right top&#8221; rt_bg_attachment=&#8221;scroll&#8221; rt_bg_video_format=&#8221;self-hosted&#8221;][vc_column rt_bg_image_repeat=&#8221;repeat&#8221; rt_bg_size=&#8221;auto auto&#8221; rt_bg_attachment=&#8221;scroll&#8221;][vc_column_text css_animation=&#8221;left-to-right&#8221;]W 1992 roku na Morzu Ba\u0142tyckim mia\u0142a miejsce powa\u017cna kolizja. W nocy, w trakcie rejsu, masowiec &#8222;M\/S Ko\u015bcierzyna&#8221; uderzy\u0142 z du\u017c\u0105 si\u0142\u0105 [&hellip;]<\/p>\n","protected":false},"author":1,"featured_media":0,"parent":4406,"menu_order":0,"comment_status":"closed","ping_status":"closed","template":"","meta":{"footnotes":""},"class_list":["post-4164","page","type-page","status-publish","hentry"],"jetpack_sharing_enabled":true,"_links":{"self":[{"href":"https:\/\/marel-service.com\/pl\/wp-json\/wp\/v2\/pages\/4164","targetHints":{"allow":["GET"]}}],"collection":[{"href":"https:\/\/marel-service.com\/pl\/wp-json\/wp\/v2\/pages"}],"about":[{"href":"https:\/\/marel-service.com\/pl\/wp-json\/wp\/v2\/types\/page"}],"author":[{"embeddable":true,"href":"https:\/\/marel-service.com\/pl\/wp-json\/wp\/v2\/users\/1"}],"replies":[{"embeddable":true,"href":"https:\/\/marel-service.com\/pl\/wp-json\/wp\/v2\/comments?post=4164"}],"version-history":[{"count":3,"href":"https:\/\/marel-service.com\/pl\/wp-json\/wp\/v2\/pages\/4164\/revisions"}],"predecessor-version":[{"id":4230,"href":"https:\/\/marel-service.com\/pl\/wp-json\/wp\/v2\/pages\/4164\/revisions\/4230"}],"up":[{"embeddable":true,"href":"https:\/\/marel-service.com\/pl\/wp-json\/wp\/v2\/pages\/4406"}],"wp:attachment":[{"href":"https:\/\/marel-service.com\/pl\/wp-json\/wp\/v2\/media?parent=4164"}],"curies":[{"name":"wp","href":"https:\/\/api.w.org\/{rel}","templated":true}]}}