{"id":4327,"date":"2019-05-31T13:39:18","date_gmt":"2019-05-31T11:39:18","guid":{"rendered":"http:\/\/marel-service.com\/pl\/?page_id=4327"},"modified":"2019-06-03T12:07:15","modified_gmt":"2019-06-03T10:07:15","slug":"modernizacja-okretu-orp-poznan","status":"publish","type":"page","link":"https:\/\/marel-service.com\/pl\/projekty\/instalacje-elektryczne-morskie\/modernizacja-okretu-orp-poznan\/","title":{"rendered":"Modernizacja okr\u0119tu ORP Pozna\u0144"},"content":{"rendered":"<p>[vc_row rt_row_background_width=&#8221;default&#8221; rt_row_style=&#8221;default-style&#8221; rt_row_borders=&#8221;&#8221; rt_row_paddings=&#8221;true&#8221; rt_bg_effect=&#8221;classic&#8221; rt_bg_image_repeat=&#8221;repeat&#8221; rt_bg_size=&#8221;cover&#8221; rt_bg_position=&#8221;right top&#8221; rt_bg_attachment=&#8221;scroll&#8221; rt_bg_video_format=&#8221;self-hosted&#8221;][vc_column rt_bg_image_repeat=&#8221;repeat&#8221; rt_bg_size=&#8221;auto auto&#8221; rt_bg_attachment=&#8221;scroll&#8221;]<div class=\"rt_heading_wrapper style-1\">\n\t\t\t\t\t\t\n\t\t\t\t\t\t<h1 class=\"rt_heading  style-1\" >Modernizacja okr\u0119tu ORP Pozna\u0144<\/h1>\n\t\t\t\t\t<\/div>[vc_single_image image=&#8221;4330&#8243; img_size=&#8221;full&#8221;][\/vc_column][\/vc_row][vc_row rt_row_background_width=&#8221;default&#8221; rt_row_style=&#8221;default-style&#8221; rt_row_borders=&#8221;&#8221; rt_row_paddings=&#8221;true&#8221; rt_bg_effect=&#8221;classic&#8221; rt_bg_image_repeat=&#8221;repeat&#8221; rt_bg_size=&#8221;cover&#8221; rt_bg_position=&#8221;right top&#8221; rt_bg_attachment=&#8221;scroll&#8221; rt_bg_video_format=&#8221;self-hosted&#8221;][vc_column rt_bg_image_repeat=&#8221;repeat&#8221; rt_bg_size=&#8221;auto auto&#8221; rt_bg_attachment=&#8221;scroll&#8221;][vc_column_text css_animation=&#8221;left-to-right&#8221;]<\/p>\n<ul>\n<li>Usuni\u0119cie starej instalacji, u\u0142o\u017cenie i pod\u0142\u0105czenie ponad 27km nowych przewod\u00f3w<\/li>\n<li>Kilkaset przej\u015b\u0107 kablowych typu Roxtec<\/li>\n<li>Instalacja i pod\u0142\u0105czenie system\u00f3w morskich, w tym\n<ul>\n<li>Systemy nawigacyjne<\/li>\n<li>\u017byrokompas<\/li>\n<li>Radar<\/li>\n<li>DGPS<\/li>\n<li>PAGA<\/li>\n<li>RTC<\/li>\n<li>PABX<\/li>\n<li>Intercom<\/li>\n<li>Systemy demagnetyzuj\u0105ce<\/li>\n<li>Telefony bezprzewodowe<\/li>\n<li>Speedlog<\/li>\n<li>Zasilanie awaryjne<\/li>\n<\/ul>\n<\/li>\n<li>Monta\u017c tor\u00f3w kablowych<\/li>\n<li>Prace \u015blusarskie<\/li>\n<\/ul>\n<p>[\/vc_column_text][\/vc_column][\/vc_row][vc_row rt_row_background_width=&#8221;default&#8221; rt_row_style=&#8221;default-style&#8221; rt_row_borders=&#8221;&#8221; rt_row_paddings=&#8221;true&#8221; rt_bg_effect=&#8221;classic&#8221; rt_bg_image_repeat=&#8221;repeat&#8221; rt_bg_size=&#8221;cover&#8221; rt_bg_position=&#8221;right top&#8221; rt_bg_attachment=&#8221;scroll&#8221; rt_bg_video_format=&#8221;self-hosted&#8221;][vc_column rt_bg_image_repeat=&#8221;repeat&#8221; rt_bg_size=&#8221;auto auto&#8221; rt_bg_attachment=&#8221;scroll&#8221;]\t \n\t\t<div  class=\"border_grid photo_gallery \" data-rt-animate=\"animate\" data-rt-animation-type=\"fadeInDown\">\n\t\t\t<div class=\"row fixed_heights\">\n\t\t<div  class=\"col col-sm-2 col-xs-12 \"> \t\t\n \t\t\t<a id=\"lightbox-454873\" class=\"zoom lightbox_ imgeffect\" data-group=\"289613\" title=\"\" data-title=\"\" data-description=\"\" data-thumbnail=\"https:\/\/i0.wp.com\/marel-service.com\/pl\/wp-content\/uploads\/sites\/11\/2019\/05\/Poznan3-75x50.png\" data-thumbTooltip=\"\" data-scaleUp=\"\" data-href=\"\" data-width=\"\" data-height=\"\" data-flashHasPriority=\"\" data-poster=\"\" data-autoplay=\"\" data-audiotitle=\"\" href=\"https:\/\/i0.wp.com\/marel-service.com\/pl\/wp-content\/uploads\/sites\/11\/2019\/05\/Poznan3.png\" ><img decoding=\"async\" src=\"https:\/\/i0.wp.com\/marel-service.com\/pl\/wp-content\/uploads\/sites\/11\/2019\/05\/Poznan3-480x480.png\" alt=\"\" class=\"img-responsive\"><\/a>\n \t\t\t\n\t\t<\/div>\n\t\n\t\t<div  class=\"col col-sm-2 col-xs-12 \"> \t\t\n \t\t\t<a id=\"lightbox-753834\" class=\"zoom lightbox_ imgeffect\" data-group=\"289613\" title=\"\" data-title=\"\" data-description=\"\" data-thumbnail=\"https:\/\/i0.wp.com\/marel-service.com\/pl\/wp-content\/uploads\/sites\/11\/2019\/05\/Poznan4-75x50.jpg\" data-thumbTooltip=\"\" data-scaleUp=\"\" data-href=\"\" data-width=\"\" data-height=\"\" data-flashHasPriority=\"\" data-poster=\"\" data-autoplay=\"\" data-audiotitle=\"\" href=\"https:\/\/i0.wp.com\/marel-service.com\/pl\/wp-content\/uploads\/sites\/11\/2019\/05\/Poznan4.jpg\" ><img decoding=\"async\" src=\"https:\/\/i0.wp.com\/marel-service.com\/pl\/wp-content\/uploads\/sites\/11\/2019\/05\/Poznan4-480x480.jpg\" alt=\"\" class=\"img-responsive\"><\/a>\n \t\t\t\n\t\t<\/div>\n\t\n\t\t<div  class=\"col col-sm-2 col-xs-12 \"> \t\t\n \t\t\t<a id=\"lightbox-587069\" class=\"zoom lightbox_ imgeffect\" data-group=\"289613\" title=\"\" data-title=\"\" data-description=\"\" data-thumbnail=\"https:\/\/i0.wp.com\/marel-service.com\/pl\/wp-content\/uploads\/sites\/11\/2019\/05\/Poznan2-75x50.png\" data-thumbTooltip=\"\" data-scaleUp=\"\" data-href=\"\" data-width=\"\" data-height=\"\" data-flashHasPriority=\"\" data-poster=\"\" data-autoplay=\"\" data-audiotitle=\"\" href=\"https:\/\/i0.wp.com\/marel-service.com\/pl\/wp-content\/uploads\/sites\/11\/2019\/05\/Poznan2.png\" ><img decoding=\"async\" src=\"https:\/\/i0.wp.com\/marel-service.com\/pl\/wp-content\/uploads\/sites\/11\/2019\/05\/Poznan2-480x480.png\" alt=\"\" class=\"img-responsive\"><\/a>\n \t\t\t\n\t\t<\/div>\n\t<\/div>\n\t\t<\/div>\n\t[\/vc_column][\/vc_row]<\/p>\n","protected":false},"excerpt":{"rendered":"<p>[vc_row rt_row_background_width=&#8221;default&#8221; rt_row_style=&#8221;default-style&#8221; rt_row_borders=&#8221;&#8221; rt_row_paddings=&#8221;true&#8221; rt_bg_effect=&#8221;classic&#8221; rt_bg_image_repeat=&#8221;repeat&#8221; rt_bg_size=&#8221;cover&#8221; rt_bg_position=&#8221;right top&#8221; rt_bg_attachment=&#8221;scroll&#8221; rt_bg_video_format=&#8221;self-hosted&#8221;][vc_column rt_bg_image_repeat=&#8221;repeat&#8221; rt_bg_size=&#8221;auto auto&#8221; rt_bg_attachment=&#8221;scroll&#8221;][vc_single_image image=&#8221;4330&#8243; img_size=&#8221;full&#8221;][\/vc_column][\/vc_row][vc_row rt_row_background_width=&#8221;default&#8221; rt_row_style=&#8221;default-style&#8221; rt_row_borders=&#8221;&#8221; rt_row_paddings=&#8221;true&#8221; rt_bg_effect=&#8221;classic&#8221; rt_bg_image_repeat=&#8221;repeat&#8221; rt_bg_size=&#8221;cover&#8221; rt_bg_position=&#8221;right top&#8221; rt_bg_attachment=&#8221;scroll&#8221; rt_bg_video_format=&#8221;self-hosted&#8221;][vc_column rt_bg_image_repeat=&#8221;repeat&#8221; rt_bg_size=&#8221;auto auto&#8221; rt_bg_attachment=&#8221;scroll&#8221;][vc_column_text css_animation=&#8221;left-to-right&#8221;] Usuni\u0119cie starej instalacji, u\u0142o\u017cenie i pod\u0142\u0105czenie ponad 27km nowych przewod\u00f3w Kilkaset przej\u015b\u0107 kablowych typu Roxtec Instalacja i pod\u0142\u0105czenie system\u00f3w morskich, w [&hellip;]<\/p>\n","protected":false},"author":1,"featured_media":0,"parent":4323,"menu_order":0,"comment_status":"closed","ping_status":"closed","template":"","meta":{"footnotes":""},"class_list":["post-4327","page","type-page","status-publish","hentry"],"jetpack_sharing_enabled":true,"_links":{"self":[{"href":"https:\/\/marel-service.com\/pl\/wp-json\/wp\/v2\/pages\/4327","targetHints":{"allow":["GET"]}}],"collection":[{"href":"https:\/\/marel-service.com\/pl\/wp-json\/wp\/v2\/pages"}],"about":[{"href":"https:\/\/marel-service.com\/pl\/wp-json\/wp\/v2\/types\/page"}],"author":[{"embeddable":true,"href":"https:\/\/marel-service.com\/pl\/wp-json\/wp\/v2\/users\/1"}],"replies":[{"embeddable":true,"href":"https:\/\/marel-service.com\/pl\/wp-json\/wp\/v2\/comments?post=4327"}],"version-history":[{"count":3,"href":"https:\/\/marel-service.com\/pl\/wp-json\/wp\/v2\/pages\/4327\/revisions"}],"predecessor-version":[{"id":4356,"href":"https:\/\/marel-service.com\/pl\/wp-json\/wp\/v2\/pages\/4327\/revisions\/4356"}],"up":[{"embeddable":true,"href":"https:\/\/marel-service.com\/pl\/wp-json\/wp\/v2\/pages\/4323"}],"wp:attachment":[{"href":"https:\/\/marel-service.com\/pl\/wp-json\/wp\/v2\/media?parent=4327"}],"curies":[{"name":"wp","href":"https:\/\/api.w.org\/{rel}","templated":true}]}}