{"id":4335,"date":"2019-05-31T14:49:34","date_gmt":"2019-05-31T12:49:34","guid":{"rendered":"http:\/\/marel-service.com\/pl\/?page_id=4335"},"modified":"2019-06-03T12:07:33","modified_gmt":"2019-06-03T10:07:33","slug":"lodolamacze-andrzej-i-stanislaw","status":"publish","type":"page","link":"https:\/\/marel-service.com\/pl\/projekty\/instalacje-elektryczne-morskie\/lodolamacze-andrzej-i-stanislaw\/","title":{"rendered":"Lodo\u0142amacze &#8222;Andrzej&#8221; i &#8222;Stanis\u0142aw&#8221;"},"content":{"rendered":"<p>[vc_row rt_row_background_width=&#8221;default&#8221; rt_row_style=&#8221;default-style&#8221; rt_row_borders=&#8221;&#8221; rt_row_paddings=&#8221;true&#8221; rt_bg_effect=&#8221;classic&#8221; rt_bg_image_repeat=&#8221;repeat&#8221; rt_bg_size=&#8221;cover&#8221; rt_bg_position=&#8221;right top&#8221; rt_bg_attachment=&#8221;scroll&#8221; rt_bg_video_format=&#8221;self-hosted&#8221;][vc_column rt_bg_image_repeat=&#8221;repeat&#8221; rt_bg_size=&#8221;auto auto&#8221; rt_bg_attachment=&#8221;scroll&#8221;]<div class=\"rt_heading_wrapper style-1\">\n\t\t\t\t\t\t\n\t\t\t\t\t\t<h1 class=\"rt_heading  style-1\" >Lodo\u0142amacze &#8222;Andrzej&#8221; i &#8222;Stanis\u0142aw&#8221;<\/h1>\n\t\t\t\t\t<\/div>[vc_single_image image=&#8221;4336&#8243; img_size=&#8221;large&#8221;][\/vc_column][\/vc_row][vc_row rt_row_background_width=&#8221;default&#8221; rt_row_style=&#8221;default-style&#8221; rt_row_borders=&#8221;&#8221; rt_row_paddings=&#8221;true&#8221; rt_bg_effect=&#8221;classic&#8221; rt_bg_image_repeat=&#8221;repeat&#8221; rt_bg_size=&#8221;cover&#8221; rt_bg_position=&#8221;right top&#8221; rt_bg_attachment=&#8221;scroll&#8221; rt_bg_video_format=&#8221;self-hosted&#8221;][vc_column rt_bg_image_repeat=&#8221;repeat&#8221; rt_bg_size=&#8221;auto auto&#8221; rt_bg_attachment=&#8221;scroll&#8221;][vc_column_text css_animation=&#8221;left-to-right&#8221;]<\/p>\n<ul>\n<li>U\u0142o\u017cenie przewod\u00f3w i pod\u0142\u0105czenia na dw\u00f3ch jednostkach<\/li>\n<li>Pod\u0142\u0105czenie i uruchomienie rozdzielnic automatyki<\/li>\n<li>Pod\u0142\u0105czenie u uruchomienie urz\u0105dze\u0144 elektrycznych w si\u0142owni<\/li>\n<li>Instalacje elektryczne na mostku<\/li>\n<\/ul>\n<p>[\/vc_column_text][\/vc_column][\/vc_row]<\/p>\n","protected":false},"excerpt":{"rendered":"<p>[vc_row rt_row_background_width=&#8221;default&#8221; rt_row_style=&#8221;default-style&#8221; rt_row_borders=&#8221;&#8221; rt_row_paddings=&#8221;true&#8221; rt_bg_effect=&#8221;classic&#8221; rt_bg_image_repeat=&#8221;repeat&#8221; rt_bg_size=&#8221;cover&#8221; rt_bg_position=&#8221;right top&#8221; rt_bg_attachment=&#8221;scroll&#8221; rt_bg_video_format=&#8221;self-hosted&#8221;][vc_column rt_bg_image_repeat=&#8221;repeat&#8221; rt_bg_size=&#8221;auto auto&#8221; rt_bg_attachment=&#8221;scroll&#8221;][vc_single_image image=&#8221;4336&#8243; img_size=&#8221;large&#8221;][\/vc_column][\/vc_row][vc_row rt_row_background_width=&#8221;default&#8221; rt_row_style=&#8221;default-style&#8221; rt_row_borders=&#8221;&#8221; rt_row_paddings=&#8221;true&#8221; rt_bg_effect=&#8221;classic&#8221; rt_bg_image_repeat=&#8221;repeat&#8221; rt_bg_size=&#8221;cover&#8221; rt_bg_position=&#8221;right top&#8221; rt_bg_attachment=&#8221;scroll&#8221; rt_bg_video_format=&#8221;self-hosted&#8221;][vc_column rt_bg_image_repeat=&#8221;repeat&#8221; rt_bg_size=&#8221;auto auto&#8221; rt_bg_attachment=&#8221;scroll&#8221;][vc_column_text css_animation=&#8221;left-to-right&#8221;] U\u0142o\u017cenie przewod\u00f3w i pod\u0142\u0105czenia na dw\u00f3ch jednostkach Pod\u0142\u0105czenie i uruchomienie rozdzielnic automatyki Pod\u0142\u0105czenie u uruchomienie urz\u0105dze\u0144 elektrycznych w si\u0142owni Instalacje elektryczne [&hellip;]<\/p>\n","protected":false},"author":1,"featured_media":0,"parent":4323,"menu_order":0,"comment_status":"closed","ping_status":"closed","template":"","meta":{"footnotes":""},"class_list":["post-4335","page","type-page","status-publish","hentry"],"jetpack_sharing_enabled":true,"_links":{"self":[{"href":"https:\/\/marel-service.com\/pl\/wp-json\/wp\/v2\/pages\/4335","targetHints":{"allow":["GET"]}}],"collection":[{"href":"https:\/\/marel-service.com\/pl\/wp-json\/wp\/v2\/pages"}],"about":[{"href":"https:\/\/marel-service.com\/pl\/wp-json\/wp\/v2\/types\/page"}],"author":[{"embeddable":true,"href":"https:\/\/marel-service.com\/pl\/wp-json\/wp\/v2\/users\/1"}],"replies":[{"embeddable":true,"href":"https:\/\/marel-service.com\/pl\/wp-json\/wp\/v2\/comments?post=4335"}],"version-history":[{"count":2,"href":"https:\/\/marel-service.com\/pl\/wp-json\/wp\/v2\/pages\/4335\/revisions"}],"predecessor-version":[{"id":4338,"href":"https:\/\/marel-service.com\/pl\/wp-json\/wp\/v2\/pages\/4335\/revisions\/4338"}],"up":[{"embeddable":true,"href":"https:\/\/marel-service.com\/pl\/wp-json\/wp\/v2\/pages\/4323"}],"wp:attachment":[{"href":"https:\/\/marel-service.com\/pl\/wp-json\/wp\/v2\/media?parent=4335"}],"curies":[{"name":"wp","href":"https:\/\/api.w.org\/{rel}","templated":true}]}}