{"id":4351,"date":"2019-06-03T11:34:43","date_gmt":"2019-06-03T09:34:43","guid":{"rendered":"http:\/\/marel-service.com\/pl\/?page_id=4351"},"modified":"2019-06-03T14:59:07","modified_gmt":"2019-06-03T12:59:07","slug":"novarka","status":"publish","type":"page","link":"https:\/\/marel-service.com\/pl\/projekty\/instalacje-elektryczne-ladowe\/novarka\/","title":{"rendered":"Novarka &#8211; dawna elektrownia j\u0105drowa w Czarnobylu"},"content":{"rendered":"<p>[vc_row rt_row_background_width=&#8221;default&#8221; rt_row_style=&#8221;default-style&#8221; rt_row_borders=&#8221;&#8221; rt_row_paddings=&#8221;true&#8221; rt_bg_effect=&#8221;classic&#8221; rt_bg_image_repeat=&#8221;repeat&#8221; rt_bg_size=&#8221;cover&#8221; rt_bg_position=&#8221;right top&#8221; rt_bg_attachment=&#8221;scroll&#8221; rt_bg_video_format=&#8221;self-hosted&#8221;][vc_column rt_bg_image_repeat=&#8221;repeat&#8221; rt_bg_size=&#8221;auto auto&#8221; rt_bg_attachment=&#8221;scroll&#8221;]<div class=\"rt_heading_wrapper style-1\">\n\t\t\t\t\t\t\n\t\t\t\t\t\t<h1 class=\"rt_heading  style-1\" >Novarka &#8211; dawna elektrownia j\u0105drowa w Czarnobylu<\/h1>\n\t\t\t\t\t<\/div>[vc_single_image image=&#8221;4358&#8243; img_size=&#8221;full&#8221;][\/vc_column][\/vc_row][vc_row rt_row_background_width=&#8221;default&#8221; rt_row_style=&#8221;default-style&#8221; rt_row_borders=&#8221;&#8221; rt_row_paddings=&#8221;true&#8221; rt_bg_effect=&#8221;classic&#8221; rt_bg_image_repeat=&#8221;repeat&#8221; rt_bg_size=&#8221;cover&#8221; rt_bg_position=&#8221;right top&#8221; rt_bg_attachment=&#8221;scroll&#8221; rt_bg_video_format=&#8221;self-hosted&#8221;][vc_column rt_bg_image_repeat=&#8221;repeat&#8221; rt_bg_size=&#8221;auto auto&#8221; rt_bg_attachment=&#8221;scroll&#8221;][vc_column_text css_animation=&#8221;left-to-right&#8221;]<\/p>\n<ul>\n<li>Prace przy instalacji ruchomego sarkofagu zabezpieczaj\u0105cego teren dawnej elektrowni w Czarnobylu. Inwestycja ufundowana przez\u00a0Europejski Bank Odbudowy i Rozwoju.<\/li>\n<li>Cele projektu:\n<ul>\n<li>Zamiana zniszczonego reaktora nr 4 w system bezpieczny dla \u015brodowiska<\/li>\n<li>Zmniejszenie korozji istniej\u0105cego schronienia i budynku reaktora nr 4.<\/li>\n<li>Z\u0142agodzenie konsekwencji ewentualnego zawalenia si\u0119 schronienia, lub budynku reaktora nr 4, w szczeg\u00f3lno\u015bci ograniczenie py\u0142u radioaktywnego w wypadku takiego zdarzenia<\/li>\n<li>Umo\u017cliwienie bezpiecznej rozbi\u00f3rki niestabilnych budowli<\/li>\n<\/ul>\n<\/li>\n<li>Najwi\u0119ksza ruchoma konstrukcja na \u015bwiecie<\/li>\n<li>Monta\u017c rozdzielnic elektrycznych<\/li>\n<li>System wentylacyjny\n<ul>\n<li>Pod\u0142\u0105czenia wentylator\u00f3w<\/li>\n<li>Instalacja i pod\u0142\u0105czenie czujnik\u00f3w<\/li>\n<\/ul>\n<\/li>\n<li>Monta\u017c tor\u00f3w kablowych<\/li>\n<li>Po\u0142o\u017cenie i pod\u0142\u0105czenie przewod\u00f3w<\/li>\n<\/ul>\n<p>[\/vc_column_text][\/vc_column][\/vc_row]<\/p>\n","protected":false},"excerpt":{"rendered":"<p>[vc_row rt_row_background_width=&#8221;default&#8221; rt_row_style=&#8221;default-style&#8221; rt_row_borders=&#8221;&#8221; rt_row_paddings=&#8221;true&#8221; rt_bg_effect=&#8221;classic&#8221; rt_bg_image_repeat=&#8221;repeat&#8221; rt_bg_size=&#8221;cover&#8221; rt_bg_position=&#8221;right top&#8221; rt_bg_attachment=&#8221;scroll&#8221; rt_bg_video_format=&#8221;self-hosted&#8221;][vc_column rt_bg_image_repeat=&#8221;repeat&#8221; rt_bg_size=&#8221;auto auto&#8221; rt_bg_attachment=&#8221;scroll&#8221;][vc_single_image image=&#8221;4358&#8243; img_size=&#8221;full&#8221;][\/vc_column][\/vc_row][vc_row rt_row_background_width=&#8221;default&#8221; rt_row_style=&#8221;default-style&#8221; rt_row_borders=&#8221;&#8221; rt_row_paddings=&#8221;true&#8221; rt_bg_effect=&#8221;classic&#8221; rt_bg_image_repeat=&#8221;repeat&#8221; rt_bg_size=&#8221;cover&#8221; rt_bg_position=&#8221;right top&#8221; rt_bg_attachment=&#8221;scroll&#8221; rt_bg_video_format=&#8221;self-hosted&#8221;][vc_column rt_bg_image_repeat=&#8221;repeat&#8221; rt_bg_size=&#8221;auto auto&#8221; rt_bg_attachment=&#8221;scroll&#8221;][vc_column_text css_animation=&#8221;left-to-right&#8221;] Prace przy instalacji ruchomego sarkofagu zabezpieczaj\u0105cego teren dawnej elektrowni w Czarnobylu. Inwestycja ufundowana przez\u00a0Europejski Bank Odbudowy i Rozwoju. Cele projektu: Zamiana [&hellip;]<\/p>\n","protected":false},"author":1,"featured_media":0,"parent":4325,"menu_order":0,"comment_status":"closed","ping_status":"closed","template":"","meta":{"footnotes":""},"class_list":["post-4351","page","type-page","status-publish","hentry"],"jetpack_sharing_enabled":true,"_links":{"self":[{"href":"https:\/\/marel-service.com\/pl\/wp-json\/wp\/v2\/pages\/4351","targetHints":{"allow":["GET"]}}],"collection":[{"href":"https:\/\/marel-service.com\/pl\/wp-json\/wp\/v2\/pages"}],"about":[{"href":"https:\/\/marel-service.com\/pl\/wp-json\/wp\/v2\/types\/page"}],"author":[{"embeddable":true,"href":"https:\/\/marel-service.com\/pl\/wp-json\/wp\/v2\/users\/1"}],"replies":[{"embeddable":true,"href":"https:\/\/marel-service.com\/pl\/wp-json\/wp\/v2\/comments?post=4351"}],"version-history":[{"count":4,"href":"https:\/\/marel-service.com\/pl\/wp-json\/wp\/v2\/pages\/4351\/revisions"}],"predecessor-version":[{"id":4400,"href":"https:\/\/marel-service.com\/pl\/wp-json\/wp\/v2\/pages\/4351\/revisions\/4400"}],"up":[{"embeddable":true,"href":"https:\/\/marel-service.com\/pl\/wp-json\/wp\/v2\/pages\/4325"}],"wp:attachment":[{"href":"https:\/\/marel-service.com\/pl\/wp-json\/wp\/v2\/media?parent=4351"}],"curies":[{"name":"wp","href":"https:\/\/api.w.org\/{rel}","templated":true}]}}