{"id":4369,"date":"2019-06-03T13:43:14","date_gmt":"2019-06-03T11:43:14","guid":{"rendered":"http:\/\/marel-service.com\/pl\/?page_id=4369"},"modified":"2019-06-03T13:44:18","modified_gmt":"2019-06-03T11:44:18","slug":"ikea-kaarst-niemcy","status":"publish","type":"page","link":"https:\/\/marel-service.com\/pl\/projekty\/instalacje-elektryczne-ladowe\/ikea-kaarst-niemcy\/","title":{"rendered":"IKEA (Kaarst, Niemcy)"},"content":{"rendered":"<p>[vc_row rt_row_background_width=&#8221;default&#8221; rt_row_style=&#8221;default-style&#8221; rt_row_borders=&#8221;&#8221; rt_row_paddings=&#8221;true&#8221; rt_bg_effect=&#8221;classic&#8221; rt_bg_image_repeat=&#8221;repeat&#8221; rt_bg_size=&#8221;cover&#8221; rt_bg_position=&#8221;right top&#8221; rt_bg_attachment=&#8221;scroll&#8221; rt_bg_video_format=&#8221;self-hosted&#8221;][vc_column rt_bg_image_repeat=&#8221;repeat&#8221; rt_bg_size=&#8221;auto auto&#8221; rt_bg_attachment=&#8221;scroll&#8221;]<div class=\"rt_heading_wrapper style-1\">\n\t\t\t\t\t\t\n\t\t\t\t\t\t<h1 class=\"rt_heading  style-1\" >IKEA (Kaarst, Niemcy)<\/h1>\n\t\t\t\t\t<\/div>[vc_single_image image=&#8221;4370&#8243; img_size=&#8221;full&#8221;][\/vc_column][\/vc_row][vc_row rt_row_background_width=&#8221;default&#8221; rt_row_style=&#8221;default-style&#8221; rt_row_borders=&#8221;&#8221; rt_row_paddings=&#8221;true&#8221; rt_bg_effect=&#8221;classic&#8221; rt_bg_image_repeat=&#8221;repeat&#8221; rt_bg_size=&#8221;cover&#8221; rt_bg_position=&#8221;right top&#8221; rt_bg_attachment=&#8221;scroll&#8221; rt_bg_video_format=&#8221;self-hosted&#8221;][vc_column rt_bg_image_repeat=&#8221;repeat&#8221; rt_bg_size=&#8221;auto auto&#8221; rt_bg_attachment=&#8221;scroll&#8221;][vc_column_text css_animation=&#8221;left-to-right&#8221;]<\/p>\n<ul>\n<li>System wentylacji i klimatyzacji (instalacja oraz pod\u0142\u0105czenie)\n<ul>\n<li>Sterownik\u00f3w wentylacji i klimatyzacji<\/li>\n<li>Czujnik\u00f3w temperatury<\/li>\n<\/ul>\n<\/li>\n<li>Rozdzielnie elektryczne (instalacja element\u00f3w, okablowania, pod\u0142\u0105czenie i uruchomienie na obiekcie)<\/li>\n<li>Rozdzielnie automatyki (instalacja element\u00f3w, okablowania, pod\u0142\u0105czenie i uruchomienie na obiekcie)<\/li>\n<li>Silniki elektryczne (instalacja, pod\u0142\u0105czenie i uruchomienie)\n<ul>\n<li>Silnik\u00f3w elektrycznych<\/li>\n<li>Systemu sterowania silnikami<\/li>\n<\/ul>\n<\/li>\n<\/ul>\n<p>[\/vc_column_text][\/vc_column][\/vc_row][vc_row rt_row_background_width=&#8221;default&#8221; rt_row_style=&#8221;default-style&#8221; rt_row_borders=&#8221;&#8221; rt_row_paddings=&#8221;true&#8221; rt_bg_effect=&#8221;classic&#8221; rt_bg_image_repeat=&#8221;repeat&#8221; rt_bg_size=&#8221;cover&#8221; rt_bg_position=&#8221;right top&#8221; rt_bg_attachment=&#8221;scroll&#8221; rt_bg_video_format=&#8221;self-hosted&#8221;][vc_column rt_bg_image_repeat=&#8221;repeat&#8221; rt_bg_size=&#8221;auto auto&#8221; rt_bg_attachment=&#8221;scroll&#8221;]\t \n\t\t<div  class=\"border_grid photo_gallery \" data-rt-animate=\"animate\" data-rt-animation-type=\"fadeInDown\">\n\t\t\t<div class=\"row fixed_heights\">\n\t\t<div  class=\"col col-sm-2 col-xs-12 \"> \t\t\n \t\t\t<a id=\"lightbox-943836\" class=\"zoom lightbox_ imgeffect\" data-group=\"746003\" title=\"\" data-title=\"\" data-description=\"\" data-thumbnail=\"https:\/\/i0.wp.com\/marel-service.com\/pl\/wp-content\/uploads\/sites\/11\/2019\/06\/IKEA-N1-75x50.png\" data-thumbTooltip=\"\" data-scaleUp=\"\" data-href=\"\" data-width=\"\" data-height=\"\" data-flashHasPriority=\"\" data-poster=\"\" data-autoplay=\"\" data-audiotitle=\"\" href=\"https:\/\/i0.wp.com\/marel-service.com\/pl\/wp-content\/uploads\/sites\/11\/2019\/06\/IKEA-N1.png\" ><img decoding=\"async\" src=\"https:\/\/i0.wp.com\/marel-service.com\/pl\/wp-content\/uploads\/sites\/11\/2019\/06\/IKEA-N1-480x480.png\" alt=\"\" class=\"img-responsive\"><\/a>\n \t\t\t\n\t\t<\/div>\n\t\n\t\t<div  class=\"col col-sm-2 col-xs-12 \"> \t\t\n \t\t\t<a id=\"lightbox-495141\" class=\"zoom lightbox_ imgeffect\" data-group=\"746003\" title=\"\" data-title=\"\" data-description=\"\" data-thumbnail=\"https:\/\/i0.wp.com\/marel-service.com\/pl\/wp-content\/uploads\/sites\/11\/2019\/06\/IKEA-N2-75x50.png\" data-thumbTooltip=\"\" data-scaleUp=\"\" data-href=\"\" data-width=\"\" data-height=\"\" data-flashHasPriority=\"\" data-poster=\"\" data-autoplay=\"\" data-audiotitle=\"\" href=\"https:\/\/i0.wp.com\/marel-service.com\/pl\/wp-content\/uploads\/sites\/11\/2019\/06\/IKEA-N2.png\" ><img decoding=\"async\" src=\"https:\/\/i0.wp.com\/marel-service.com\/pl\/wp-content\/uploads\/sites\/11\/2019\/06\/IKEA-N2-480x480.png\" alt=\"\" class=\"img-responsive\"><\/a>\n \t\t\t\n\t\t<\/div>\n\t\n\t\t<div  class=\"col col-sm-2 col-xs-12 \"> \t\t\n \t\t\t<a id=\"lightbox-278408\" class=\"zoom lightbox_ imgeffect\" data-group=\"746003\" title=\"\" data-title=\"\" data-description=\"\" data-thumbnail=\"https:\/\/i0.wp.com\/marel-service.com\/pl\/wp-content\/uploads\/sites\/11\/2019\/06\/IKEA-N4-75x50.jpg\" data-thumbTooltip=\"\" data-scaleUp=\"\" data-href=\"\" data-width=\"\" data-height=\"\" data-flashHasPriority=\"\" data-poster=\"\" data-autoplay=\"\" data-audiotitle=\"\" href=\"https:\/\/i0.wp.com\/marel-service.com\/pl\/wp-content\/uploads\/sites\/11\/2019\/06\/IKEA-N4.jpg\" ><img decoding=\"async\" src=\"https:\/\/i0.wp.com\/marel-service.com\/pl\/wp-content\/uploads\/sites\/11\/2019\/06\/IKEA-N4-480x480.jpg\" alt=\"\" class=\"img-responsive\"><\/a>\n \t\t\t\n\t\t<\/div>\n\t\n\t\t<div  class=\"col col-sm-2 col-xs-12 \"> \t\t\n \t\t\t<a id=\"lightbox-380694\" class=\"zoom lightbox_ imgeffect\" data-group=\"746003\" title=\"\" data-title=\"\" data-description=\"\" data-thumbnail=\"https:\/\/i0.wp.com\/marel-service.com\/pl\/wp-content\/uploads\/sites\/11\/2019\/06\/IKEA-N3-75x50.png\" data-thumbTooltip=\"\" data-scaleUp=\"\" data-href=\"\" data-width=\"\" data-height=\"\" data-flashHasPriority=\"\" data-poster=\"\" data-autoplay=\"\" data-audiotitle=\"\" href=\"https:\/\/i0.wp.com\/marel-service.com\/pl\/wp-content\/uploads\/sites\/11\/2019\/06\/IKEA-N3.png\" ><img decoding=\"async\" src=\"https:\/\/i0.wp.com\/marel-service.com\/pl\/wp-content\/uploads\/sites\/11\/2019\/06\/IKEA-N3-480x480.png\" alt=\"\" class=\"img-responsive\"><\/a>\n \t\t\t\n\t\t<\/div>\n\t<\/div>\n\t\t<\/div>\n\t[\/vc_column][\/vc_row]<\/p>\n","protected":false},"excerpt":{"rendered":"<p>[vc_row rt_row_background_width=&#8221;default&#8221; rt_row_style=&#8221;default-style&#8221; rt_row_borders=&#8221;&#8221; rt_row_paddings=&#8221;true&#8221; rt_bg_effect=&#8221;classic&#8221; rt_bg_image_repeat=&#8221;repeat&#8221; rt_bg_size=&#8221;cover&#8221; rt_bg_position=&#8221;right top&#8221; rt_bg_attachment=&#8221;scroll&#8221; rt_bg_video_format=&#8221;self-hosted&#8221;][vc_column rt_bg_image_repeat=&#8221;repeat&#8221; rt_bg_size=&#8221;auto auto&#8221; rt_bg_attachment=&#8221;scroll&#8221;][vc_single_image image=&#8221;4370&#8243; img_size=&#8221;full&#8221;][\/vc_column][\/vc_row][vc_row rt_row_background_width=&#8221;default&#8221; rt_row_style=&#8221;default-style&#8221; rt_row_borders=&#8221;&#8221; rt_row_paddings=&#8221;true&#8221; rt_bg_effect=&#8221;classic&#8221; rt_bg_image_repeat=&#8221;repeat&#8221; rt_bg_size=&#8221;cover&#8221; rt_bg_position=&#8221;right top&#8221; rt_bg_attachment=&#8221;scroll&#8221; rt_bg_video_format=&#8221;self-hosted&#8221;][vc_column rt_bg_image_repeat=&#8221;repeat&#8221; rt_bg_size=&#8221;auto auto&#8221; rt_bg_attachment=&#8221;scroll&#8221;][vc_column_text css_animation=&#8221;left-to-right&#8221;] System wentylacji i klimatyzacji (instalacja oraz pod\u0142\u0105czenie) Sterownik\u00f3w wentylacji i klimatyzacji Czujnik\u00f3w temperatury Rozdzielnie elektryczne (instalacja element\u00f3w, okablowania, pod\u0142\u0105czenie i uruchomienie [&hellip;]<\/p>\n","protected":false},"author":1,"featured_media":0,"parent":4325,"menu_order":0,"comment_status":"closed","ping_status":"closed","template":"","meta":{"footnotes":""},"class_list":["post-4369","page","type-page","status-publish","hentry"],"jetpack_sharing_enabled":true,"_links":{"self":[{"href":"https:\/\/marel-service.com\/pl\/wp-json\/wp\/v2\/pages\/4369","targetHints":{"allow":["GET"]}}],"collection":[{"href":"https:\/\/marel-service.com\/pl\/wp-json\/wp\/v2\/pages"}],"about":[{"href":"https:\/\/marel-service.com\/pl\/wp-json\/wp\/v2\/types\/page"}],"author":[{"embeddable":true,"href":"https:\/\/marel-service.com\/pl\/wp-json\/wp\/v2\/users\/1"}],"replies":[{"embeddable":true,"href":"https:\/\/marel-service.com\/pl\/wp-json\/wp\/v2\/comments?post=4369"}],"version-history":[{"count":4,"href":"https:\/\/marel-service.com\/pl\/wp-json\/wp\/v2\/pages\/4369\/revisions"}],"predecessor-version":[{"id":4378,"href":"https:\/\/marel-service.com\/pl\/wp-json\/wp\/v2\/pages\/4369\/revisions\/4378"}],"up":[{"embeddable":true,"href":"https:\/\/marel-service.com\/pl\/wp-json\/wp\/v2\/pages\/4325"}],"wp:attachment":[{"href":"https:\/\/marel-service.com\/pl\/wp-json\/wp\/v2\/media?parent=4369"}],"curies":[{"name":"wp","href":"https:\/\/api.w.org\/{rel}","templated":true}]}}