{"id":4389,"date":"2019-06-03T14:40:21","date_gmt":"2019-06-03T12:40:21","guid":{"rendered":"http:\/\/marel-service.com\/pl\/?page_id=4389"},"modified":"2019-06-03T14:44:21","modified_gmt":"2019-06-03T12:44:21","slug":"dworzec-kolejowy-luksemburg","status":"publish","type":"page","link":"https:\/\/marel-service.com\/pl\/projekty\/instalacje-elektryczne-ladowe\/dworzec-kolejowy-luksemburg\/","title":{"rendered":"Dworzec kolejowy (Luksemburg, ul J.F. Kennedy)"},"content":{"rendered":"<p>[vc_row rt_row_background_width=&#8221;default&#8221; rt_row_style=&#8221;default-style&#8221; rt_row_borders=&#8221;&#8221; rt_row_paddings=&#8221;true&#8221; rt_bg_effect=&#8221;classic&#8221; rt_bg_image_repeat=&#8221;repeat&#8221; rt_bg_size=&#8221;cover&#8221; rt_bg_position=&#8221;right top&#8221; rt_bg_attachment=&#8221;scroll&#8221; rt_bg_video_format=&#8221;self-hosted&#8221;][vc_column rt_bg_image_repeat=&#8221;repeat&#8221; rt_bg_size=&#8221;auto auto&#8221; rt_bg_attachment=&#8221;scroll&#8221;]<div class=\"rt_heading_wrapper style-1\">\n\t\t\t\t\t\t\n\t\t\t\t\t\t<h1 class=\"rt_heading  style-1\" >Dworzec kolejowy (Luksemburg, ul J.F. Kennedy)<\/h1>\n\t\t\t\t\t<\/div>[vc_single_image image=&#8221;4393&#8243; img_size=&#8221;full&#8221;][\/vc_column][\/vc_row][vc_row rt_row_background_width=&#8221;default&#8221; rt_row_style=&#8221;default-style&#8221; rt_row_borders=&#8221;&#8221; rt_row_paddings=&#8221;true&#8221; rt_bg_effect=&#8221;classic&#8221; rt_bg_image_repeat=&#8221;repeat&#8221; rt_bg_size=&#8221;cover&#8221; rt_bg_position=&#8221;right top&#8221; rt_bg_attachment=&#8221;scroll&#8221; rt_bg_video_format=&#8221;self-hosted&#8221;][vc_column rt_bg_image_repeat=&#8221;repeat&#8221; rt_bg_size=&#8221;auto auto&#8221; rt_bg_attachment=&#8221;scroll&#8221;][vc_column_text css_animation=&#8221;left-to-right&#8221;]<\/p>\n<ul>\n<li>Instalacja 230V oraz tr\u00f3jfazowa<\/li>\n<li>System wykrywania I gaszenia po\u017caru (instalacja oraz pod\u0142\u0105czenie)\n<ul>\n<li>Sterownik\u00f3w systemu ppo\u017c<\/li>\n<li>Czujnik\u00f3w wykrywaj\u0105cych dym i temperatur\u0119<\/li>\n<\/ul>\n<\/li>\n<li>System sieci komputerowej I telekomunikacyjnej<\/li>\n<li>O\u015bwietlenie awaryjne<\/li>\n<li>Rozdzielnice elektryczne (monta\u017c i pod\u0142\u0105czenie)<\/li>\n<li>G\u0142\u00f3wne zasilanie ze stacji transformatorowej<\/li>\n<li>Zasilanie awaryjne<\/li>\n<li>System ewakuacyjny<\/li>\n<\/ul>\n<p>[\/vc_column_text][\/vc_column][\/vc_row][vc_row rt_row_background_width=&#8221;default&#8221; rt_row_style=&#8221;default-style&#8221; rt_row_borders=&#8221;&#8221; rt_row_paddings=&#8221;true&#8221; rt_bg_effect=&#8221;classic&#8221; rt_bg_image_repeat=&#8221;repeat&#8221; rt_bg_size=&#8221;cover&#8221; rt_bg_position=&#8221;right top&#8221; rt_bg_attachment=&#8221;scroll&#8221; rt_bg_video_format=&#8221;self-hosted&#8221;][vc_column rt_bg_image_repeat=&#8221;repeat&#8221; rt_bg_size=&#8221;auto auto&#8221; rt_bg_attachment=&#8221;scroll&#8221;]\t \n\t\t<div  class=\"border_grid photo_gallery \" data-rt-animate=\"animate\" data-rt-animation-type=\"fadeInDown\">\n\t\t\t<div class=\"row fixed_heights\">\n\t\t<div  class=\"col col-sm-2 col-xs-12 \"> \t\t\n \t\t\t<a id=\"lightbox-724581\" class=\"zoom lightbox_ imgeffect\" data-group=\"477522\" title=\"\" data-title=\"\" data-description=\"\" data-thumbnail=\"https:\/\/i0.wp.com\/marel-service.com\/pl\/wp-content\/uploads\/sites\/11\/2019\/06\/lux2-75x50.png\" data-thumbTooltip=\"\" data-scaleUp=\"\" data-href=\"\" data-width=\"\" data-height=\"\" data-flashHasPriority=\"\" data-poster=\"\" data-autoplay=\"\" data-audiotitle=\"\" href=\"https:\/\/i0.wp.com\/marel-service.com\/pl\/wp-content\/uploads\/sites\/11\/2019\/06\/lux2.png\" ><img decoding=\"async\" src=\"https:\/\/i0.wp.com\/marel-service.com\/pl\/wp-content\/uploads\/sites\/11\/2019\/06\/lux2-480x480.png\" alt=\"\" class=\"img-responsive\"><\/a>\n \t\t\t\n\t\t<\/div>\n\t\n\t\t<div  class=\"col col-sm-2 col-xs-12 \"> \t\t\n \t\t\t<a id=\"lightbox-894351\" class=\"zoom lightbox_ imgeffect\" data-group=\"477522\" title=\"\" data-title=\"\" data-description=\"\" data-thumbnail=\"https:\/\/i0.wp.com\/marel-service.com\/pl\/wp-content\/uploads\/sites\/11\/2019\/06\/lux1-75x50.png\" data-thumbTooltip=\"\" data-scaleUp=\"\" data-href=\"\" data-width=\"\" data-height=\"\" data-flashHasPriority=\"\" data-poster=\"\" data-autoplay=\"\" data-audiotitle=\"\" href=\"https:\/\/i0.wp.com\/marel-service.com\/pl\/wp-content\/uploads\/sites\/11\/2019\/06\/lux1.png\" ><img decoding=\"async\" src=\"https:\/\/i0.wp.com\/marel-service.com\/pl\/wp-content\/uploads\/sites\/11\/2019\/06\/lux1-480x480.png\" alt=\"\" class=\"img-responsive\"><\/a>\n \t\t\t\n\t\t<\/div>\n\t\n\t\t<div  class=\"col col-sm-2 col-xs-12 \"> \t\t\n \t\t\t<a id=\"lightbox-693575\" class=\"zoom lightbox_ imgeffect\" data-group=\"477522\" title=\"\" data-title=\"\" data-description=\"\" data-thumbnail=\"https:\/\/i0.wp.com\/marel-service.com\/pl\/wp-content\/uploads\/sites\/11\/2019\/06\/20170816_180619-75x50.jpg\" data-thumbTooltip=\"\" data-scaleUp=\"\" data-href=\"\" data-width=\"\" data-height=\"\" data-flashHasPriority=\"\" data-poster=\"\" data-autoplay=\"\" data-audiotitle=\"\" href=\"https:\/\/i0.wp.com\/marel-service.com\/pl\/wp-content\/uploads\/sites\/11\/2019\/06\/20170816_180619.jpg\" ><img decoding=\"async\" src=\"https:\/\/i0.wp.com\/marel-service.com\/pl\/wp-content\/uploads\/sites\/11\/2019\/06\/20170816_180619-480x480.jpg\" alt=\"\" class=\"img-responsive\"><\/a>\n \t\t\t\n\t\t<\/div>\n\t<\/div>\n\t\t<\/div>\n\t[\/vc_column][\/vc_row]<\/p>\n","protected":false},"excerpt":{"rendered":"<p>[vc_row rt_row_background_width=&#8221;default&#8221; rt_row_style=&#8221;default-style&#8221; rt_row_borders=&#8221;&#8221; rt_row_paddings=&#8221;true&#8221; rt_bg_effect=&#8221;classic&#8221; rt_bg_image_repeat=&#8221;repeat&#8221; rt_bg_size=&#8221;cover&#8221; rt_bg_position=&#8221;right top&#8221; rt_bg_attachment=&#8221;scroll&#8221; rt_bg_video_format=&#8221;self-hosted&#8221;][vc_column rt_bg_image_repeat=&#8221;repeat&#8221; rt_bg_size=&#8221;auto auto&#8221; rt_bg_attachment=&#8221;scroll&#8221;][vc_single_image image=&#8221;4393&#8243; img_size=&#8221;full&#8221;][\/vc_column][\/vc_row][vc_row rt_row_background_width=&#8221;default&#8221; rt_row_style=&#8221;default-style&#8221; rt_row_borders=&#8221;&#8221; rt_row_paddings=&#8221;true&#8221; rt_bg_effect=&#8221;classic&#8221; rt_bg_image_repeat=&#8221;repeat&#8221; rt_bg_size=&#8221;cover&#8221; rt_bg_position=&#8221;right top&#8221; rt_bg_attachment=&#8221;scroll&#8221; rt_bg_video_format=&#8221;self-hosted&#8221;][vc_column rt_bg_image_repeat=&#8221;repeat&#8221; rt_bg_size=&#8221;auto auto&#8221; rt_bg_attachment=&#8221;scroll&#8221;][vc_column_text css_animation=&#8221;left-to-right&#8221;] Instalacja 230V oraz tr\u00f3jfazowa System wykrywania I gaszenia po\u017caru (instalacja oraz pod\u0142\u0105czenie) Sterownik\u00f3w systemu ppo\u017c Czujnik\u00f3w wykrywaj\u0105cych dym i temperatur\u0119 System [&hellip;]<\/p>\n","protected":false},"author":1,"featured_media":0,"parent":4325,"menu_order":0,"comment_status":"closed","ping_status":"closed","template":"","meta":{"footnotes":""},"class_list":["post-4389","page","type-page","status-publish","hentry"],"jetpack_sharing_enabled":true,"_links":{"self":[{"href":"https:\/\/marel-service.com\/pl\/wp-json\/wp\/v2\/pages\/4389","targetHints":{"allow":["GET"]}}],"collection":[{"href":"https:\/\/marel-service.com\/pl\/wp-json\/wp\/v2\/pages"}],"about":[{"href":"https:\/\/marel-service.com\/pl\/wp-json\/wp\/v2\/types\/page"}],"author":[{"embeddable":true,"href":"https:\/\/marel-service.com\/pl\/wp-json\/wp\/v2\/users\/1"}],"replies":[{"embeddable":true,"href":"https:\/\/marel-service.com\/pl\/wp-json\/wp\/v2\/comments?post=4389"}],"version-history":[{"count":1,"href":"https:\/\/marel-service.com\/pl\/wp-json\/wp\/v2\/pages\/4389\/revisions"}],"predecessor-version":[{"id":4394,"href":"https:\/\/marel-service.com\/pl\/wp-json\/wp\/v2\/pages\/4389\/revisions\/4394"}],"up":[{"embeddable":true,"href":"https:\/\/marel-service.com\/pl\/wp-json\/wp\/v2\/pages\/4325"}],"wp:attachment":[{"href":"https:\/\/marel-service.com\/pl\/wp-json\/wp\/v2\/media?parent=4389"}],"curies":[{"name":"wp","href":"https:\/\/api.w.org\/{rel}","templated":true}]}}