{"id":4406,"date":"2019-06-03T15:12:17","date_gmt":"2019-06-03T13:12:17","guid":{"rendered":"http:\/\/marel-service.com\/pl\/?page_id=4406"},"modified":"2019-06-03T15:17:44","modified_gmt":"2019-06-03T13:17:44","slug":"automatyka-morska","status":"publish","type":"page","link":"https:\/\/marel-service.com\/pl\/projekty\/automatyka-morska\/","title":{"rendered":"Automatyka Morska"},"content":{"rendered":"<p>[vc_row rt_row_background_width=&#8221;default&#8221; rt_row_style=&#8221;default-style&#8221; rt_row_borders=&#8221;&#8221; rt_row_paddings=&#8221;true&#8221; rt_bg_effect=&#8221;classic&#8221; rt_bg_image_repeat=&#8221;repeat&#8221; rt_bg_size=&#8221;cover&#8221; rt_bg_position=&#8221;right top&#8221; rt_bg_attachment=&#8221;scroll&#8221; rt_bg_video_format=&#8221;self-hosted&#8221;][vc_column rt_bg_image_repeat=&#8221;repeat&#8221; rt_bg_size=&#8221;auto auto&#8221; rt_bg_attachment=&#8221;scroll&#8221;]\t \n\t\t<div  class=\"border_grid photo_gallery \" data-rt-animate=\"animate\" data-rt-animation-type=\"fadeInDown\">\n\t\t\t<div class=\"row fixed_heights\">\n\t\t<div  class=\"col col-sm-3 col-xs-12 \"> \t\t\n \t\t\t\n\t\t\t<a href=\"https:\/\/marel-service.com\/pl\/projekty\/pompa-siemens\/\" title=\"Przebudowa systemu automatyki pomp Siemens \" target=\"_blank\" class=\"link icon imgeffect\">\n\t\t\t\t<img decoding=\"async\" src=\"https:\/\/i0.wp.com\/marel-service.com\/pl\/wp-content\/uploads\/sites\/11\/2016\/09\/IMG_5093-480x480.jpg\" class=\"img-responsive\" alt=\"Przebudowa systemu automatyki pomp Siemens \">\n\t\t\t<\/a>\n \t\t\t<div class=\"caption\"><p>Przebudowa systemu automatyki pomp Siemens<\/p>\n<\/div>\n\t\t<\/div>\n\t\n\t\t<div  class=\"col col-sm-3 col-xs-12 \"> \t\t\n \t\t\t\n\t\t\t<a href=\"https:\/\/marel-service.com\/pl\/agregat-steru-strumieniowego\/\" title=\"Przebudowa systemu automatyki agregatu steru strumieniowego na promie \u201eGryf\" target=\"_blank\" class=\"link icon imgeffect\">\n\t\t\t\t<img decoding=\"async\" src=\"https:\/\/i0.wp.com\/marel-service.com\/pl\/wp-content\/uploads\/sites\/11\/2016\/07\/Volvo_Penta-480x480.jpg\" class=\"img-responsive\" alt=\"Przebudowa systemu automatyki agregatu steru strumieniowego na promie \u201eGryf\">\n\t\t\t<\/a>\n \t\t\t<div class=\"caption\"><p>Przebudowa systemu automatyki agregatu steru strumieniowego na promie \u201eGryf<\/p>\n<\/div>\n\t\t<\/div>\n\t\n\t\t<div  class=\"col col-sm-3 col-xs-12 \"> \t\t\n \t\t\t\n\t\t\t<a href=\"https:\/\/marel-service.com\/pl\/projekty\/marel-rejestrator\/\" title=\"Stworzenie rejestratora stan\u00f3w alarmowych do systemu Autronica KM-2\" target=\"_blank\" class=\"link icon imgeffect\">\n\t\t\t\t<img decoding=\"async\" src=\"https:\/\/i0.wp.com\/marel-service.com\/pl\/wp-content\/uploads\/sites\/11\/2016\/09\/5-480x480.jpg\" class=\"img-responsive\" alt=\"Stworzenie rejestratora stan\u00f3w alarmowych do systemu Autronica KM-2\">\n\t\t\t<\/a>\n \t\t\t<div class=\"caption\"><p class=\"text-center\">\u00a0Stworzenie rejestratora stan\u00f3w alarmowych do systemu Autronica KM-2<\/p>\n<\/div>\n\t\t<\/div>\n\t\n\t\t<div  class=\"col col-sm-3 col-xs-12 \"> \t\t\n \t\t\t\n\t\t\t<a href=\"https:\/\/marel-service.com\/pl\/projekty\/zielona-energetyka\/\" title=\"Przygotowanie laboratoryjnego stanowiska synchronizacji pr\u0105dnic w ramach projektu ``Zielona Energetyka``\" target=\"_blank\" class=\"link icon imgeffect\">\n\t\t\t\t<img decoding=\"async\" src=\"https:\/\/i0.wp.com\/marel-service.com\/pl\/wp-content\/uploads\/sites\/11\/2016\/09\/IMG_2158-480x480.jpg\" class=\"img-responsive\" alt=\"Przygotowanie laboratoryjnego stanowiska synchronizacji pr\u0105dnic w ramach projektu ``Zielona Energetyka``\">\n\t\t\t<\/a>\n \t\t\t<div class=\"caption\"><p>Przygotowanie laboratoryjnego stanowiska synchronizacji pr\u0105dnic w ramach projektu &#8222;Zielona Energetyka&#8221;<\/p>\n<\/div>\n\t\t<\/div>\n\t<\/div><div class=\"row fixed_heights\">\n\t\t<div  class=\"col col-sm-3 col-xs-12 \"> \t\t\n \t\t\t\n\t\t\t<a href=\"https:\/\/marel-service.com\/pl\/projekty\/rejestrator-decca\/\" title=\"Opracowanie rejestratora stan\u00f3w alarmowych do systemu DECCA ISIS\" target=\"_blank\" class=\"link icon imgeffect\">\n\t\t\t\t<img decoding=\"async\" src=\"https:\/\/i0.wp.com\/marel-service.com\/pl\/wp-content\/uploads\/sites\/11\/2016\/09\/IMG_7214-480x480.jpg\" class=\"img-responsive\" alt=\"Opracowanie rejestratora stan\u00f3w alarmowych do systemu DECCA ISIS\">\n\t\t\t<\/a>\n \t\t\t<div class=\"caption\"><p class=\"text-center\">Opracowanie rejestratora stan\u00f3w alarmowych do systemu DECCA ISIS<\/p>\n<\/div>\n\t\t<\/div>\n\t\n\t\t<div  class=\"col col-sm-3 col-xs-12 \"> \t\t\n \t\t\t\n\t\t\t<a href=\"https:\/\/marel-service.com\/pl\/projekty\/spalona-centrala\/\" title=\"Odrestaurowanie spalonej centrali sygnalizacji si\u0142owni DECCA ISIS\" target=\"_blank\" class=\"link icon imgeffect\">\n\t\t\t\t<img decoding=\"async\" src=\"https:\/\/i0.wp.com\/marel-service.com\/pl\/wp-content\/uploads\/sites\/11\/2016\/09\/IMG_0772-480x480.jpg\" class=\"img-responsive\" alt=\"Odrestaurowanie spalonej centrali sygnalizacji si\u0142owni DECCA ISIS\">\n\t\t\t<\/a>\n \t\t\t<div class=\"caption\"><p>Odrestaurowanie spalonej centrali sygnalizacji si\u0142owni DECCA ISIS<\/p>\n<\/div>\n\t\t<\/div>\n\t\n\t\t<div  class=\"col col-sm-3 col-xs-12 \"> \t\t\n \t\t\t\n\t\t\t<a href=\"https:\/\/marel-service.com\/pl\/projekty\/zasilanie-z-ladu\/\" title=\"System zasilania statk\u00f3w z l\u0105du\" target=\"_blank\" class=\"link icon imgeffect\">\n\t\t\t\t<img decoding=\"async\" src=\"https:\/\/i0.wp.com\/marel-service.com\/pl\/wp-content\/uploads\/sites\/11\/2016\/09\/MG_8187-480x480.jpg\" class=\"img-responsive\" alt=\"System zasilania statk\u00f3w z l\u0105du\">\n\t\t\t<\/a>\n \t\t\t<div class=\"caption\"><p class=\"text-center\">System zasilania statk\u00f3w z l\u0105du<\/p>\n<\/div>\n\t\t<\/div>\n\t\n\t\t<div  class=\"col col-sm-3 col-xs-12 \"> \t\t\n \t\t\t\n\t\t\t<a href=\"https:\/\/marel-service.com\/pl\/projekty\/incofon-przekaznik\/\" title=\"Programowalny przeka\u017anik dla urz\u0105dzenia sygnalizuj\u0105cego INCOFON \" target=\"_blank\" class=\"link icon imgeffect\">\n\t\t\t\t<img decoding=\"async\" src=\"https:\/\/i0.wp.com\/marel-service.com\/pl\/wp-content\/uploads\/sites\/11\/2016\/09\/incofon-480x480.jpg\" class=\"img-responsive\" alt=\"Programowalny przeka\u017anik dla urz\u0105dzenia sygnalizuj\u0105cego INCOFON \">\n\t\t\t<\/a>\n \t\t\t<div class=\"caption\"><p>Programowalny przeka\u017anik dla urz\u0105dzenia sygnalizuj\u0105cego INCOFON<\/p>\n<\/div>\n\t\t<\/div>\n\t<\/div><div class=\"row fixed_heights\">\n\t\t<div  class=\"col col-sm-3 col-xs-12 \"> \t\t\n \t\t\t\n\t\t\t<a href=\"https:\/\/marel-service.com\/pl\/projekty\/drzwi-wodoszczelne\/\" title=\"Przebudowa systemu automatyki drzwi wodoszczelnych\" target=\"_blank\" class=\"link icon imgeffect\">\n\t\t\t\t<img decoding=\"async\" src=\"https:\/\/i0.wp.com\/marel-service.com\/pl\/wp-content\/uploads\/sites\/11\/2016\/09\/Polonia-pom_sruby-480x480.jpg\" class=\"img-responsive\" alt=\"Przebudowa systemu automatyki drzwi wodoszczelnych\">\n\t\t\t<\/a>\n \t\t\t<div class=\"caption\"><p>Przebudowa systemu automatyki drzwi wodoszczelnych<\/p>\n<\/div>\n\t\t<\/div>\n\t\n\t\t<div  class=\"col col-sm-3 col-xs-12 \"> \t\t\n \t\t\t\n\t\t\t<a href=\"https:\/\/marel-service.com\/pl\/projekty\/zalana-silownia\/\" title=\"``M\/S Koscierzyna`` - Flooded marine power plant repair\" target=\"_blank\" class=\"link icon imgeffect\">\n\t\t\t\t<img decoding=\"async\" src=\"https:\/\/i0.wp.com\/marel-service.com\/pl\/wp-content\/uploads\/sites\/11\/2016\/09\/1-1-480x480.jpg\" class=\"img-responsive\" alt=\"``M\/S Koscierzyna`` - Flooded marine power plant repair\">\n\t\t\t<\/a>\n \t\t\t<div class=\"caption\"><p>&#8222;M\/S Koscierzyna&#8221; &#8211; Flooded marine power plant repair<\/p>\n<\/div>\n\t\t<\/div>\n\t<\/div>\n\t\t<\/div>\n\t[\/vc_column][\/vc_row]<\/p>\n","protected":false},"excerpt":{"rendered":"<p>[vc_row rt_row_background_width=&#8221;default&#8221; rt_row_style=&#8221;default-style&#8221; rt_row_borders=&#8221;&#8221; rt_row_paddings=&#8221;true&#8221; rt_bg_effect=&#8221;classic&#8221; rt_bg_image_repeat=&#8221;repeat&#8221; rt_bg_size=&#8221;cover&#8221; rt_bg_position=&#8221;right top&#8221; rt_bg_attachment=&#8221;scroll&#8221; rt_bg_video_format=&#8221;self-hosted&#8221;][vc_column rt_bg_image_repeat=&#8221;repeat&#8221; rt_bg_size=&#8221;auto auto&#8221; rt_bg_attachment=&#8221;scroll&#8221;][\/vc_column][\/vc_row]<\/p>\n","protected":false},"author":1,"featured_media":0,"parent":4096,"menu_order":0,"comment_status":"closed","ping_status":"closed","template":"","meta":{"footnotes":""},"class_list":["post-4406","page","type-page","status-publish","hentry"],"jetpack_sharing_enabled":true,"_links":{"self":[{"href":"https:\/\/marel-service.com\/pl\/wp-json\/wp\/v2\/pages\/4406","targetHints":{"allow":["GET"]}}],"collection":[{"href":"https:\/\/marel-service.com\/pl\/wp-json\/wp\/v2\/pages"}],"about":[{"href":"https:\/\/marel-service.com\/pl\/wp-json\/wp\/v2\/types\/page"}],"author":[{"embeddable":true,"href":"https:\/\/marel-service.com\/pl\/wp-json\/wp\/v2\/users\/1"}],"replies":[{"embeddable":true,"href":"https:\/\/marel-service.com\/pl\/wp-json\/wp\/v2\/comments?post=4406"}],"version-history":[{"count":1,"href":"https:\/\/marel-service.com\/pl\/wp-json\/wp\/v2\/pages\/4406\/revisions"}],"predecessor-version":[{"id":4407,"href":"https:\/\/marel-service.com\/pl\/wp-json\/wp\/v2\/pages\/4406\/revisions\/4407"}],"up":[{"embeddable":true,"href":"https:\/\/marel-service.com\/pl\/wp-json\/wp\/v2\/pages\/4096"}],"wp:attachment":[{"href":"https:\/\/marel-service.com\/pl\/wp-json\/wp\/v2\/media?parent=4406"}],"curies":[{"name":"wp","href":"https:\/\/api.w.org\/{rel}","templated":true}]}}